{"id":1703,"date":"2024-06-11T10:41:01","date_gmt":"2024-06-11T10:41:01","guid":{"rendered":"https:\/\/www.xarxa-solidaria.cat\/?page_id=1703"},"modified":"2025-03-28T15:12:28","modified_gmt":"2025-03-28T15:12:28","slug":"sinergia-laboral","status":"publish","type":"page","link":"https:\/\/www.xarxa-solidaria.cat\/?page_id=1703","title":{"rendered":"Sinergia Laboral"},"content":{"rendered":"\t\t<div data-elementor-type=\"wp-page\" data-elementor-id=\"1703\" class=\"elementor elementor-1703\" data-elementor-settings=\"{&quot;ha_cmc_init_switcher&quot;:&quot;no&quot;}\">\n\t\t\t\t<div class=\"elementor-element elementor-element-5d08d38 e-flex e-con-boxed e-con e-parent\" data-id=\"5d08d38\" data-element_type=\"container\" data-e-type=\"container\" data-settings=\"{&quot;_ha_eqh_enable&quot;:false}\">\n\t\t\t\t\t<div class=\"e-con-inner\">\n\t\t<div class=\"elementor-element elementor-element-b988e70 e-con-full e-flex e-con e-child\" data-id=\"b988e70\" data-element_type=\"container\" data-e-type=\"container\" data-settings=\"{&quot;_ha_eqh_enable&quot;:false}\">\n\t\t\t\t<div class=\"elementor-element elementor-element-a3f133b elementor-widget elementor-widget-image\" data-id=\"a3f133b\" data-element_type=\"widget\" data-e-type=\"widget\" data-widget_type=\"image.default\">\n\t\t\t\t\t\t\t\t\t\t\t\t\t\t\t<img fetchpriority=\"high\" decoding=\"async\" width=\"935\" height=\"305\" src=\"https:\/\/www.xarxa-solidaria.cat\/wp-content\/uploads\/2024\/06\/Sinergia.jpg\" class=\"attachment-2048x2048 size-2048x2048 wp-image-1705\" alt=\"\" srcset=\"https:\/\/www.xarxa-solidaria.cat\/wp-content\/uploads\/2024\/06\/Sinergia.jpg 935w, https:\/\/www.xarxa-solidaria.cat\/wp-content\/uploads\/2024\/06\/Sinergia-300x98.jpg 300w, https:\/\/www.xarxa-solidaria.cat\/wp-content\/uploads\/2024\/06\/Sinergia-768x251.jpg 768w\" sizes=\"(max-width: 935px) 100vw, 935px\" \/>\t\t\t\t\t\t\t\t\t\t\t\t\t\t\t<\/div>\n\t\t\t\t<\/div>\n\t\t<div class=\"elementor-element elementor-element-3c64bfb e-con-full e-flex e-con e-child\" data-id=\"3c64bfb\" data-element_type=\"container\" data-e-type=\"container\" data-settings=\"{&quot;_ha_eqh_enable&quot;:false}\">\n\t\t<div class=\"elementor-element elementor-element-40e78f8 e-con-full e-flex e-con e-child\" data-id=\"40e78f8\" data-element_type=\"container\" data-e-type=\"container\" data-settings=\"{&quot;_ha_eqh_enable&quot;:false}\">\n\t\t\t\t<\/div>\n\t\t<div class=\"elementor-element elementor-element-52fa36c e-con-full e-flex e-con e-child\" data-id=\"52fa36c\" data-element_type=\"container\" data-e-type=\"container\" data-settings=\"{&quot;_ha_eqh_enable&quot;:false}\">\n\t\t\t\t<div class=\"elementor-element elementor-element-3850287 elementor-align-center elementor-widget elementor-widget-button\" data-id=\"3850287\" data-element_type=\"widget\" data-e-type=\"widget\" data-widget_type=\"button.default\">\n\t\t\t\t\t\t\t\t\t\t<a class=\"elementor-button elementor-button-link elementor-size-sm\" href=\"https:\/\/www.xarxa-solidaria.cat\/?page_id=1914\" target=\"_blank\">\n\t\t\t\t\t\t<span class=\"elementor-button-content-wrapper\">\n\t\t\t\t\t\t\t\t\t<span class=\"elementor-button-text\">OFERTES OCUPACI\u00d3<\/span>\n\t\t\t\t\t<\/span>\n\t\t\t\t\t<\/a>\n\t\t\t\t\t\t\t\t<\/div>\n\t\t\t\t<\/div>\n\t\t<div class=\"elementor-element elementor-element-b284c99 e-con-full e-flex e-con e-child\" data-id=\"b284c99\" data-element_type=\"container\" data-e-type=\"container\" data-settings=\"{&quot;_ha_eqh_enable&quot;:false}\">\n\t\t\t\t<div class=\"elementor-element elementor-element-5f89464 elementor-widget elementor-widget-button\" data-id=\"5f89464\" data-element_type=\"widget\" data-e-type=\"widget\" data-widget_type=\"button.default\">\n\t\t\t\t\t\t\t\t\t\t<a class=\"elementor-button elementor-button-link elementor-size-sm\" href=\"#\">\n\t\t\t\t\t\t<span class=\"elementor-button-content-wrapper\">\n\t\t\t\t\t\t\t\t\t<span class=\"elementor-button-text\">PER A EMPRESES<\/span>\n\t\t\t\t\t<\/span>\n\t\t\t\t\t<\/a>\n\t\t\t\t\t\t\t\t<\/div>\n\t\t\t\t<\/div>\n\t\t<div class=\"elementor-element elementor-element-6fdc542 e-con-full e-flex e-con e-child\" data-id=\"6fdc542\" data-element_type=\"container\" data-e-type=\"container\" data-settings=\"{&quot;_ha_eqh_enable&quot;:false}\">\n\t\t\t\t<\/div>\n\t\t\t\t<\/div>\n\t\t\t\t\t<\/div>\n\t\t\t\t<\/div>\n\t\t<div class=\"elementor-element elementor-element-5e357a35 e-flex e-con-boxed e-con e-parent\" data-id=\"5e357a35\" data-element_type=\"container\" data-e-type=\"container\" data-settings=\"{&quot;_ha_eqh_enable&quot;:false}\">\n\t\t\t\t\t<div class=\"e-con-inner\">\n\t\t\t\t<div class=\"elementor-element elementor-element-146c258e elementor-widget elementor-widget-text-editor\" data-id=\"146c258e\" data-element_type=\"widget\" data-e-type=\"widget\" data-widget_type=\"text-editor.default\">\n\t\t\t\t\t\t\t\t\t\n<h2 class=\"wp-block-heading has-text-align-center has-text-color has-link-color has-large-font-size wp-elements-fff80538b267cb89c01083a09c482041\" style=\"color: #747373;\"><strong>SERVEI D\u2019INTEGRACI\u00d3 LABORAL PER A PERSONES AMB DISCAPACITAT<\/strong><\/h2>\n\n<div class=\"wp-block-spacer\" style=\"height: 11px;\" aria-hidden=\"true\">\u00a0<\/div>\n\n<p class=\"has-text-align-center\" style=\"font-style: normal; font-weight: 600;\">El servei SINERGIA LABORAL va iniciar el seu cam\u00ed per imperatiu d&#8217;un dels objectius de la Xarxa Solid\u00e0ria per la Igualtat en relaci\u00f3 a intentar aconseguir la plena normalitzaci\u00f3 i integraci\u00f3 de les persones amb discapacitat en la societat, sent conscients que la millor forma d&#8217;aconseguir aquesta normalitzaci\u00f3 passa per aconseguir la seva inserci\u00f3 en el m\u00f3n laboral, proporcionant a la persona una autonomia i independ\u00e8ncia econ\u00f2mica que li facilitar\u00e0 la consecuci\u00f3 de la seva normalitzaci\u00f3 en altres \u00e0mbits de la seva vida: personal, familiar, social \u2026<\/p>\n\n<p class=\"has-text-align-center\" style=\"font-style: normal; font-weight: 600;\">El servei Sinergia Laboral es realitza des de fa anys amb el suport de la Federaci\u00f3 Mestral.<\/p>\n\n<p class=\"has-text-align-center\" style=\"font-style: normal; font-weight: 600;\">Sinergia Laboral treballa en el territori amb tres principals l\u00ednies d&#8217;acci\u00f3:<\/p>\n<hr class=\"wp-block-separator alignwide has-text-color has-alpha-channel-opacity has-background is-style-default\" style=\"background-color: #7b7878; color: #7b7878;\" \/>\n<div class=\"wp-block-columns is-layout-flex wp-container-core-columns-is-layout-9d6595d7 wp-block-columns-is-layout-flex\">\n<div class=\"wp-block-column is-layout-flow wp-block-column-is-layout-flow\">\n<div class=\"wp-block-buttons is-content-justification-center is-layout-flex wp-container-core-buttons-is-layout-5e6b19ed wp-block-buttons-is-layout-flex\">\n<div class=\"wp-block-button has-custom-width wp-block-button__width-100 has-custom-font-size is-style-fill has-medium-font-size\"><a class=\"wp-block-button__link has-white-color has-text-color has-background has-link-color has-text-align-center wp-element-button\" style=\"background-color: #af2828;\" href=\"https:\/\/www.xarxa-solidaria.cat\/?page_id=1736\" target=\"_blank\" rel=\"noreferrer noopener\"><strong>SINERGIA I TREBALLADORS<\/strong> <\/a><\/div>\n<\/div>\n<\/div>\n\n<div class=\"wp-block-column is-layout-flow wp-block-column-is-layout-flow\" style=\"flex-basis: 6px;\">\u00a0<\/div>\n\n<div class=\"wp-block-column is-layout-flow wp-block-column-is-layout-flow\">\n<div class=\"wp-block-buttons is-layout-flex wp-block-buttons-is-layout-flex\">\n<div class=\"wp-block-button has-custom-width wp-block-button__width-100 has-custom-font-size is-style-fill has-medium-font-size\"><a class=\"wp-block-button__link has-white-color has-text-color has-background has-link-color wp-element-button\" style=\"background-color: #af2828;\"><strong>SINERGIA I <\/strong> <strong>EMPRESES<\/strong><\/a><\/div>\n<\/div>\n<\/div>\n\n<div class=\"wp-block-column is-layout-flow wp-block-column-is-layout-flow\" style=\"flex-basis: 6px;\">\u00a0<\/div>\n\n<div class=\"wp-block-column is-layout-flow wp-block-column-is-layout-flow\">\n<div class=\"wp-block-buttons is-layout-flex wp-block-buttons-is-layout-flex\">\n<div class=\"wp-block-button has-custom-width wp-block-button__width-100 has-custom-font-size is-style-fill has-medium-font-size\"><a class=\"wp-block-button__link has-white-color has-text-color has-background has-link-color has-text-align-center wp-element-button\" style=\"background-color: #af2828;\"><strong>SINERGIA <\/strong> <strong> EN XARXA<\/strong><\/a><\/div>\n<\/div>\n<\/div>\n<\/div>\n\n<div class=\"wp-block-spacer\" style=\"height: 19px;\" aria-hidden=\"true\">\u00a0<\/div>\n\n<p style=\"font-style: normal; font-weight: 600;\">Amb el suport de:<\/p>\n\n<div class=\"wp-block-spacer\" style=\"height: 8px;\" aria-hidden=\"true\">\u00a0<\/div>\n\n<div class=\"wp-block-columns is-layout-flex wp-container-core-columns-is-layout-9d6595d7 wp-block-columns-is-layout-flex\">\n<div class=\"wp-block-column is-layout-flow wp-block-column-is-layout-flow\" style=\"flex-basis: 150px;\">\n<figure class=\"wp-block-image size-large\"><img decoding=\"async\" width=\"1024\" height=\"320\" class=\"wp-image-1731\" src=\"https:\/\/www.xarxa-solidaria.cat\/wp-content\/uploads\/2024\/06\/Fundacion-Once-2015-1024x320.jpg\" alt=\"\" srcset=\"https:\/\/www.xarxa-solidaria.cat\/wp-content\/uploads\/2024\/06\/Fundacion-Once-2015-1024x320.jpg 1024w, https:\/\/www.xarxa-solidaria.cat\/wp-content\/uploads\/2024\/06\/Fundacion-Once-2015-300x94.jpg 300w, https:\/\/www.xarxa-solidaria.cat\/wp-content\/uploads\/2024\/06\/Fundacion-Once-2015-768x240.jpg 768w, https:\/\/www.xarxa-solidaria.cat\/wp-content\/uploads\/2024\/06\/Fundacion-Once-2015-1536x479.jpg 1536w, https:\/\/www.xarxa-solidaria.cat\/wp-content\/uploads\/2024\/06\/Fundacion-Once-2015-2048x639.jpg 2048w\" sizes=\"(max-width: 1024px) 100vw, 1024px\" \/><\/figure>\n<\/div>\n\n<div class=\"wp-block-column is-layout-flow wp-block-column-is-layout-flow\" style=\"flex-basis: 150px;\">\n<figure class=\"wp-block-image size-large\"><img decoding=\"async\" width=\"1024\" height=\"263\" class=\"wp-image-1732\" src=\"https:\/\/www.xarxa-solidaria.cat\/wp-content\/uploads\/2024\/06\/Generalitat-gif-1024x263.gif\" alt=\"\" srcset=\"https:\/\/www.xarxa-solidaria.cat\/wp-content\/uploads\/2024\/06\/Generalitat-gif-1024x263.gif 1024w, https:\/\/www.xarxa-solidaria.cat\/wp-content\/uploads\/2024\/06\/Generalitat-gif-300x77.gif 300w, https:\/\/www.xarxa-solidaria.cat\/wp-content\/uploads\/2024\/06\/Generalitat-gif-768x198.gif 768w\" sizes=\"(max-width: 1024px) 100vw, 1024px\" \/><\/figure>\n<\/div>\n\n<div class=\"wp-block-column is-layout-flow wp-block-column-is-layout-flow\" style=\"flex-basis: 150px;\">\n<figure class=\"wp-block-image size-full is-resized\"><img loading=\"lazy\" decoding=\"async\" width=\"776\" height=\"178\" class=\"wp-image-1729\" style=\"width: 130px; height: auto;\" src=\"https:\/\/www.xarxa-solidaria.cat\/wp-content\/uploads\/2024\/06\/DIPTA_H_col.jpg\" alt=\"\" srcset=\"https:\/\/www.xarxa-solidaria.cat\/wp-content\/uploads\/2024\/06\/DIPTA_H_col.jpg 776w, https:\/\/www.xarxa-solidaria.cat\/wp-content\/uploads\/2024\/06\/DIPTA_H_col-300x69.jpg 300w, https:\/\/www.xarxa-solidaria.cat\/wp-content\/uploads\/2024\/06\/DIPTA_H_col-768x176.jpg 768w\" sizes=\"(max-width: 776px) 100vw, 776px\" \/><\/figure>\n<\/div>\n\n<div class=\"wp-block-column is-layout-flow wp-block-column-is-layout-flow\" style=\"flex-basis: 90px;\">\n<figure class=\"wp-block-image size-full\"><img loading=\"lazy\" decoding=\"async\" width=\"272\" height=\"186\" class=\"wp-image-1727\" src=\"https:\/\/www.xarxa-solidaria.cat\/wp-content\/uploads\/2024\/06\/AjunReus.jpg\" alt=\"\" \/><\/figure>\n<\/div>\n\n<div class=\"wp-block-column is-layout-flow wp-block-column-is-layout-flow\" style=\"flex-basis: 90px;\">\n<figure class=\"wp-block-image size-full\"><img loading=\"lazy\" decoding=\"async\" width=\"261\" height=\"193\" class=\"wp-image-1728\" src=\"https:\/\/www.xarxa-solidaria.cat\/wp-content\/uploads\/2024\/06\/AjuntTarragona.jpg\" alt=\"\" \/><\/figure>\n<\/div>\n\n<div class=\"wp-block-column is-layout-flow wp-block-column-is-layout-flow\" style=\"flex-basis: 90px;\">\n<figure class=\"wp-block-image size-full\"><img loading=\"lazy\" decoding=\"async\" width=\"500\" height=\"500\" class=\"wp-image-1733\" src=\"https:\/\/www.xarxa-solidaria.cat\/wp-content\/uploads\/2024\/06\/MESTRAL-ENTITAT-DECLARADA-DE-UTILITAT-PUBLICA.png\" alt=\"\" srcset=\"https:\/\/www.xarxa-solidaria.cat\/wp-content\/uploads\/2024\/06\/MESTRAL-ENTITAT-DECLARADA-DE-UTILITAT-PUBLICA.png 500w, https:\/\/www.xarxa-solidaria.cat\/wp-content\/uploads\/2024\/06\/MESTRAL-ENTITAT-DECLARADA-DE-UTILITAT-PUBLICA-300x300.png 300w, https:\/\/www.xarxa-solidaria.cat\/wp-content\/uploads\/2024\/06\/MESTRAL-ENTITAT-DECLARADA-DE-UTILITAT-PUBLICA-150x150.png 150w\" sizes=\"(max-width: 500px) 100vw, 500px\" \/><\/figure>\n<\/div>\n<\/div>\n\t\t\t\t\t\t\t\t<\/div>\n\t\t\t\t\t<\/div>\n\t\t\t\t<\/div>\n\t\t<div class=\"elementor-element elementor-element-0102f33 e-flex e-con-boxed e-con e-parent\" data-id=\"0102f33\" data-element_type=\"container\" data-e-type=\"container\" data-settings=\"{&quot;_ha_eqh_enable&quot;:false}\">\n\t\t\t\t\t<div class=\"e-con-inner\">\n\t\t\t\t<div class=\"elementor-element elementor-element-d79755f elementor-widget elementor-widget-spacer\" data-id=\"d79755f\" data-element_type=\"widget\" data-e-type=\"widget\" data-widget_type=\"spacer.default\">\n\t\t\t\t\t\t\t<div class=\"elementor-spacer\">\n\t\t\t<div class=\"elementor-spacer-inner\"><\/div>\n\t\t<\/div>\n\t\t\t\t\t\t<\/div>\n\t\t\t\t\t<\/div>\n\t\t\t\t<\/div>\n\t\t\t\t<\/div>\n\t\t","protected":false},"excerpt":{"rendered":"<p>OFERTES OCUPACI\u00d3 PER A EMPRESES SERVEI D\u2019INTEGRACI\u00d3 LABORAL PER A PERSONES AMB DISCAPACITAT El servei SINERGIA LABORAL va iniciar el seu cam\u00ed per imperatiu d&#8217;un dels objectius de la Xarxa &#8230;<\/p>\n","protected":false},"author":1,"featured_media":0,"parent":2435,"menu_order":0,"comment_status":"closed","ping_status":"closed","template":"elementor_header_footer","meta":{"footnotes":""},"class_list":["post-1703","page","type-page","status-publish","hentry"],"_links":{"self":[{"href":"https:\/\/www.xarxa-solidaria.cat\/index.php?rest_route=\/wp\/v2\/pages\/1703","targetHints":{"allow":["GET"]}}],"collection":[{"href":"https:\/\/www.xarxa-solidaria.cat\/index.php?rest_route=\/wp\/v2\/pages"}],"about":[{"href":"https:\/\/www.xarxa-solidaria.cat\/index.php?rest_route=\/wp\/v2\/types\/page"}],"author":[{"embeddable":true,"href":"https:\/\/www.xarxa-solidaria.cat\/index.php?rest_route=\/wp\/v2\/users\/1"}],"replies":[{"embeddable":true,"href":"https:\/\/www.xarxa-solidaria.cat\/index.php?rest_route=%2Fwp%2Fv2%2Fcomments&post=1703"}],"version-history":[{"count":32,"href":"https:\/\/www.xarxa-solidaria.cat\/index.php?rest_route=\/wp\/v2\/pages\/1703\/revisions"}],"predecessor-version":[{"id":2561,"href":"https:\/\/www.xarxa-solidaria.cat\/index.php?rest_route=\/wp\/v2\/pages\/1703\/revisions\/2561"}],"up":[{"embeddable":true,"href":"https:\/\/www.xarxa-solidaria.cat\/index.php?rest_route=\/wp\/v2\/pages\/2435"}],"wp:attachment":[{"href":"https:\/\/www.xarxa-solidaria.cat\/index.php?rest_route=%2Fwp%2Fv2%2Fmedia&parent=1703"}],"curies":[{"name":"wp","href":"https:\/\/api.w.org\/{rel}","templated":true}]}}