{"id":1736,"date":"2024-06-11T14:17:51","date_gmt":"2024-06-11T14:17:51","guid":{"rendered":"https:\/\/www.xarxa-solidaria.cat\/?page_id=1736"},"modified":"2025-03-28T15:13:04","modified_gmt":"2025-03-28T15:13:04","slug":"sinergia-i-treballadors","status":"publish","type":"page","link":"https:\/\/www.xarxa-solidaria.cat\/?page_id=1736","title":{"rendered":"SINERGIA I TREBALLADORS"},"content":{"rendered":"\t\t<div data-elementor-type=\"wp-page\" data-elementor-id=\"1736\" class=\"elementor elementor-1736\" data-elementor-settings=\"{&quot;ha_cmc_init_switcher&quot;:&quot;no&quot;}\">\n\t\t\t\t<div class=\"elementor-element elementor-element-68da1108 e-flex e-con-boxed e-con e-parent\" data-id=\"68da1108\" data-element_type=\"container\" data-e-type=\"container\" data-settings=\"{&quot;_ha_eqh_enable&quot;:false}\">\n\t\t\t\t\t<div class=\"e-con-inner\">\n\t\t\t\t<div class=\"elementor-element elementor-element-7281b297 elementor-widget elementor-widget-text-editor\" data-id=\"7281b297\" data-element_type=\"widget\" data-e-type=\"widget\" data-widget_type=\"text-editor.default\">\n\t\t\t\t\t\t\t\t\t\n<div class=\"wp-block-media-text is-stacked-on-mobile\" style=\"grid-template-columns: 59% auto;\">\n<figure class=\"wp-block-media-text__media\"><img fetchpriority=\"high\" decoding=\"async\" width=\"1024\" height=\"588\" class=\"wp-image-1738 size-full\" src=\"https:\/\/www.xarxa-solidaria.cat\/wp-content\/uploads\/2024\/06\/Sinergia-i-treballadors-1-1024x588.png\" alt=\"\" srcset=\"https:\/\/www.xarxa-solidaria.cat\/wp-content\/uploads\/2024\/06\/Sinergia-i-treballadors-1-1024x588.png 1024w, https:\/\/www.xarxa-solidaria.cat\/wp-content\/uploads\/2024\/06\/Sinergia-i-treballadors-1-300x172.png 300w, https:\/\/www.xarxa-solidaria.cat\/wp-content\/uploads\/2024\/06\/Sinergia-i-treballadors-1-768x441.png 768w, https:\/\/www.xarxa-solidaria.cat\/wp-content\/uploads\/2024\/06\/Sinergia-i-treballadors-1.png 1495w\" sizes=\"(max-width: 1024px) 100vw, 1024px\" \/><\/figure>\n<div class=\"wp-block-media-text__content\">\n<p>\u00a0<\/p>\n<\/div>\n<\/div>\n\n<div class=\"wp-block-spacer\" style=\"height: 33px;\" aria-hidden=\"true\">\u00a0<\/div>\n<details class=\"wp-block-details is-layout-flow wp-block-details-is-layout-flow\">\n<summary>ITINERARI PERSONAL (llegir m\u00e9s)<\/summary>\n\n<p>L&#8217;objectiu d&#8217;aquest itinerari personal suposa la realitzaci\u00f3 de tots els treballs necessaris per tal d&#8217;aconsseguir la teva ocupabilitat. Per fer-ho realitzarem les seg\u00fcents etapes:<\/p>\n\n<h6 class=\"wp-block-heading\"><strong>1.- DETERMINACI\u00d3 DEL PERFIL.-<\/strong>\u00a0<\/h6>\n\n<p>Comporta realitzar una entrevista personal, la recepci\u00f3 del teu curr\u00edculum i la delimitaci\u00f3 dels possibles \u00e0mbits laborals.<\/p>\n\n<h6 class=\"wp-block-heading\"><strong>2.- VALORACI\u00d3 DE L&#8217;OCUPABILITAT.-<\/strong><\/h6>\n\n<p>En aquesta etapa revisarem i adaptarem, si \u00e9s necessari, el teu curr\u00edculum, t&#8217;ensenyarem a afrontar una entrevista de feina, t&#8217;orientarem en els criteris generals de b\u00fasqueda de feina i finalment valorarem la possibilitat de crear la teva propia empresa.<\/p>\n\n<h6 class=\"wp-block-heading\"><strong>3.- DETERMINACI\u00d3 DE LES NECESSITATS FORMATIVES.-<\/strong><\/h6>\n\n<p>Analitzarem les teves possibles mancances formatives i t&#8217;orientarem per tal que les superis.<\/p>\n\n<h6 class=\"wp-block-heading\"><strong>4.- GESTI\u00d3 DE LA TEVA CANDIDATURA.-<\/strong><\/h6>\n\n<p>Quant el teu perfil professional s&#8217;adapti a una de les demandes d&#8217;ocupaci\u00f3 que gestionem, t&#8217;enviarem a l&#8217;empresa interessada per tal que formis part del proc\u00e9s de selecci\u00f3 i seguirem tot el proc\u00e9s fins al final.<\/p>\n\n<h6 class=\"wp-block-heading\"><strong>5.- INSERCI\u00d3 LABORAL.-<\/strong><\/h6>\n\n<p>Si has aconseguit superar el proc\u00e9s de selecci\u00f3, supervisarem el teu proc\u00e9s de contractaci\u00f3 revisant les condicions laborals i procedint a informar-te de les possibles defici\u00e8ncies detectades.<\/p>\n\n<h6 class=\"wp-block-heading\"><strong>6.- SEGUIMENT DE L&#8217;ACTIVITAT LABORAL.-<\/strong><\/h6>\n\n<p>Revisarem peri\u00f2dicament la teva rel\u00b7laci\u00f3 laboral amb l&#8217;empresa i demanarem a l&#8217;empresa que ens valori el teu treball, realitzant les actuacions oportunes en el cas que es detectin determinades mancances.<\/p>\n\n<h6 class=\"wp-block-heading\"><strong>7.- AN\u00c0LISI DE LA NEGATIVA.-<\/strong><\/h6>\n\n<p>Si no has aconseguit superat el proc\u00e9s de selecci\u00f3 haurem d&#8217;analitzar-ne els motius i actuar en consonancia.<\/p>\n\n<h6 class=\"wp-block-heading\"><strong>8.- SEGONA VALORACI\u00d3 DE L&#8217;OCUPABILITAT.-<\/strong><\/h6>\n\n<p>Si portes molt de temps inactiu ens haurem de plantejar realitzar actuacions per tal d&#8217;introduir-te de nou en el m\u00f3n laboral, podras formarte en altres \u00e0mbits, redefinir les teves sortides professionals, etc.<\/p>\n<\/details><details class=\"wp-block-details is-layout-flow wp-block-details-is-layout-flow\">\n<summary>BORSA DE TREBALL (llegir m\u00e9s)<\/summary>\n\n<p><a href=\"https:\/\/www.xarxa-solidaria.cat\/?page_id=1762\" target=\"_blank\" rel=\"noreferrer noopener\" data-type=\"page\" data-id=\"1762\">Inscriu-te a la Borsa de Treball<\/a><\/p>\n\n<div class=\"wp-block-media-text is-stacked-on-mobile\" style=\"grid-template-columns: 44% auto;\">\n<figure class=\"wp-block-media-text__media\"><img decoding=\"async\" width=\"1024\" height=\"712\" class=\"wp-image-1744 size-full\" src=\"https:\/\/www.xarxa-solidaria.cat\/wp-content\/uploads\/2024\/06\/Cartel-Sinergia-1-1024x712.png\" alt=\"\" srcset=\"https:\/\/www.xarxa-solidaria.cat\/wp-content\/uploads\/2024\/06\/Cartel-Sinergia-1-1024x712.png 1024w, https:\/\/www.xarxa-solidaria.cat\/wp-content\/uploads\/2024\/06\/Cartel-Sinergia-1-300x209.png 300w, https:\/\/www.xarxa-solidaria.cat\/wp-content\/uploads\/2024\/06\/Cartel-Sinergia-1-768x534.png 768w, https:\/\/www.xarxa-solidaria.cat\/wp-content\/uploads\/2024\/06\/Cartel-Sinergia-1-1536x1068.png 1536w, https:\/\/www.xarxa-solidaria.cat\/wp-content\/uploads\/2024\/06\/Cartel-Sinergia-1.png 1760w\" sizes=\"(max-width: 1024px) 100vw, 1024px\" \/><\/figure>\n<div class=\"wp-block-media-text__content\">\n<p>\u00a0<\/p>\n\n<figure class=\"wp-block-image size-large is-resized\"><img decoding=\"async\" width=\"1024\" height=\"688\" class=\"wp-image-1746\" style=\"width: 422px; height: auto;\" src=\"https:\/\/www.xarxa-solidaria.cat\/wp-content\/uploads\/2024\/06\/Cartel-Sinergia-5-1024x688.png\" alt=\"\" srcset=\"https:\/\/www.xarxa-solidaria.cat\/wp-content\/uploads\/2024\/06\/Cartel-Sinergia-5-1024x688.png 1024w, https:\/\/www.xarxa-solidaria.cat\/wp-content\/uploads\/2024\/06\/Cartel-Sinergia-5-300x202.png 300w, https:\/\/www.xarxa-solidaria.cat\/wp-content\/uploads\/2024\/06\/Cartel-Sinergia-5-768x516.png 768w, https:\/\/www.xarxa-solidaria.cat\/wp-content\/uploads\/2024\/06\/Cartel-Sinergia-5-1536x1033.png 1536w, https:\/\/www.xarxa-solidaria.cat\/wp-content\/uploads\/2024\/06\/Cartel-Sinergia-5.png 1727w\" sizes=\"(max-width: 1024px) 100vw, 1024px\" \/><\/figure>\n<\/div>\n<\/div>\n<\/details><details class=\"wp-block-details is-layout-flow wp-block-details-is-layout-flow\">\n<summary>OFERTES DE FEINA<\/summary>\n\n<div class=\"wp-block-columns is-layout-flex wp-container-core-columns-is-layout-9d6595d7 wp-block-columns-is-layout-flex\">\n<div class=\"wp-block-column is-layout-flow wp-block-column-is-layout-flow\" style=\"flex-basis: 100%;\">\n<p class=\"has-text-align-left\"><a href=\"https:\/\/www.xarxa-solidaria.cat\/?page_id=1769\" target=\"_blank\" rel=\"noreferrer noopener\" data-type=\"page\" data-id=\"1769\">OFERTES SINERGIA<\/a> <a href=\"https:\/\/www.xarxa-solidaria.cat\/?page_id=1769\" target=\"_blank\" rel=\"noreferrer noopener\" data-type=\"page\" data-id=\"1769\"><img loading=\"lazy\" decoding=\"async\" width=\"150\" height=\"86\" class=\"wp-image-1772\" style=\"width: 150px;\" src=\"https:\/\/www.xarxa-solidaria.cat\/wp-content\/uploads\/2024\/06\/SL-Ofertes-feina.png\" alt=\"\" srcset=\"https:\/\/www.xarxa-solidaria.cat\/wp-content\/uploads\/2024\/06\/SL-Ofertes-feina.png 1495w, https:\/\/www.xarxa-solidaria.cat\/wp-content\/uploads\/2024\/06\/SL-Ofertes-feina-300x172.png 300w, https:\/\/www.xarxa-solidaria.cat\/wp-content\/uploads\/2024\/06\/SL-Ofertes-feina-1024x588.png 1024w, https:\/\/www.xarxa-solidaria.cat\/wp-content\/uploads\/2024\/06\/SL-Ofertes-feina-768x441.png 768w\" sizes=\"(max-width: 150px) 100vw, 150px\" \/><\/a><\/p>\n<\/div>\n<\/div>\n\n<p><a href=\"https:\/\/www.xarxa-solidaria.cat\/?page_id=1909\" target=\"_blank\" rel=\"noopener\">OFERTES ALTRES<\/a> <a href=\"https:\/\/www.xarxa-solidaria.cat\/?page_id=1909\" target=\"_blank\" rel=\"noopener\"><img loading=\"lazy\" decoding=\"async\" width=\"150\" height=\"86\" class=\"wp-image-1771\" style=\"width: 150px;\" src=\"https:\/\/www.xarxa-solidaria.cat\/wp-content\/uploads\/2024\/06\/SL-Ofertes-altres.png\" alt=\"\" srcset=\"https:\/\/www.xarxa-solidaria.cat\/wp-content\/uploads\/2024\/06\/SL-Ofertes-altres.png 1494w, https:\/\/www.xarxa-solidaria.cat\/wp-content\/uploads\/2024\/06\/SL-Ofertes-altres-300x172.png 300w, https:\/\/www.xarxa-solidaria.cat\/wp-content\/uploads\/2024\/06\/SL-Ofertes-altres-1024x589.png 1024w, https:\/\/www.xarxa-solidaria.cat\/wp-content\/uploads\/2024\/06\/SL-Ofertes-altres-768x442.png 768w\" sizes=\"(max-width: 150px) 100vw, 150px\" \/><\/a><\/p>\n<\/details><details class=\"wp-block-details is-layout-flow wp-block-details-is-layout-flow\">\n<summary>FORMACI\u00d3<\/summary>\n\n<p>FORMACI\u00d3 SINERGIA<\/p>\n\n<p>FORMACI\u00d3 ALTRES<\/p>\n<\/details><details class=\"wp-block-details is-layout-flow wp-block-details-is-layout-flow\">\n<summary>CREA LA TEVA EMPRESA<br \/>Tot el que necessites per a constituir la teva empresa<br \/><br \/><\/summary>\n\n<p>\u00a0<\/p>\n<\/details>\t\t\t\t\t\t\t\t<\/div>\n\t\t\t\t\t<\/div>\n\t\t\t\t<\/div>\n\t\t<div class=\"elementor-element elementor-element-5c4883d e-flex e-con-boxed e-con e-parent\" data-id=\"5c4883d\" data-element_type=\"container\" data-e-type=\"container\" data-settings=\"{&quot;_ha_eqh_enable&quot;:false}\">\n\t\t\t\t\t<div class=\"e-con-inner\">\n\t\t\t\t<div class=\"elementor-element elementor-element-1fdc37e elementor-widget elementor-widget-spacer\" data-id=\"1fdc37e\" data-element_type=\"widget\" data-e-type=\"widget\" data-widget_type=\"spacer.default\">\n\t\t\t\t\t\t\t<div class=\"elementor-spacer\">\n\t\t\t<div class=\"elementor-spacer-inner\"><\/div>\n\t\t<\/div>\n\t\t\t\t\t\t<\/div>\n\t\t\t\t\t<\/div>\n\t\t\t\t<\/div>\n\t\t\t\t<\/div>\n\t\t","protected":false},"excerpt":{"rendered":"<p>\u00a0<\/p>\n","protected":false},"author":1,"featured_media":0,"parent":1703,"menu_order":0,"comment_status":"closed","ping_status":"closed","template":"","meta":{"footnotes":""},"class_list":["post-1736","page","type-page","status-publish","hentry"],"_links":{"self":[{"href":"https:\/\/www.xarxa-solidaria.cat\/index.php?rest_route=\/wp\/v2\/pages\/1736","targetHints":{"allow":["GET"]}}],"collection":[{"href":"https:\/\/www.xarxa-solidaria.cat\/index.php?rest_route=\/wp\/v2\/pages"}],"about":[{"href":"https:\/\/www.xarxa-solidaria.cat\/index.php?rest_route=\/wp\/v2\/types\/page"}],"author":[{"embeddable":true,"href":"https:\/\/www.xarxa-solidaria.cat\/index.php?rest_route=\/wp\/v2\/users\/1"}],"replies":[{"embeddable":true,"href":"https:\/\/www.xarxa-solidaria.cat\/index.php?rest_route=%2Fwp%2Fv2%2Fcomments&post=1736"}],"version-history":[{"count":21,"href":"https:\/\/www.xarxa-solidaria.cat\/index.php?rest_route=\/wp\/v2\/pages\/1736\/revisions"}],"predecessor-version":[{"id":2564,"href":"https:\/\/www.xarxa-solidaria.cat\/index.php?rest_route=\/wp\/v2\/pages\/1736\/revisions\/2564"}],"up":[{"embeddable":true,"href":"https:\/\/www.xarxa-solidaria.cat\/index.php?rest_route=\/wp\/v2\/pages\/1703"}],"wp:attachment":[{"href":"https:\/\/www.xarxa-solidaria.cat\/index.php?rest_route=%2Fwp%2Fv2%2Fmedia&parent=1736"}],"curies":[{"name":"wp","href":"https:\/\/api.w.org\/{rel}","templated":true}]}}