{"id":2152,"date":"2024-10-11T10:51:40","date_gmt":"2024-10-11T10:51:40","guid":{"rendered":"https:\/\/www.xarxa-solidaria.cat\/?page_id=2152"},"modified":"2025-03-28T15:11:04","modified_gmt":"2025-03-28T15:11:04","slug":"lesport-integrador","status":"publish","type":"page","link":"https:\/\/www.xarxa-solidaria.cat\/?page_id=2152","title":{"rendered":"L&#8217;esport integrador"},"content":{"rendered":"\t\t<div data-elementor-type=\"wp-page\" data-elementor-id=\"2152\" class=\"elementor elementor-2152\" data-elementor-settings=\"{&quot;ha_cmc_init_switcher&quot;:&quot;no&quot;}\">\n\t\t\t\t<div class=\"elementor-element elementor-element-ded79b2 e-grid e-con-full e-con e-parent\" data-id=\"ded79b2\" data-element_type=\"container\" data-e-type=\"container\" data-settings=\"{&quot;background_background&quot;:&quot;slideshow&quot;,&quot;background_slideshow_gallery&quot;:[{&quot;id&quot;:2149,&quot;url&quot;:&quot;https:\\\/\\\/www.xarxa-solidaria.cat\\\/wp-content\\\/uploads\\\/2024\\\/10\\\/WhatsApp-Image-2024-04-30-at-13.50.01.jpeg&quot;}],&quot;background_slideshow_loop&quot;:&quot;yes&quot;,&quot;background_slideshow_slide_duration&quot;:5000,&quot;background_slideshow_slide_transition&quot;:&quot;fade&quot;,&quot;background_slideshow_transition_duration&quot;:500,&quot;_ha_eqh_enable&quot;:false}\">\n\t\t\t\t<div class=\"elementor-element elementor-element-1dbfb40 elementor-widget elementor-widget-heading\" data-id=\"1dbfb40\" data-element_type=\"widget\" data-e-type=\"widget\" data-widget_type=\"heading.default\">\n\t\t\t\t\t<h1 class=\"elementor-heading-title elementor-size-default\">L'ESPORT INTEGRADOR<\/h1>\t\t\t\t<\/div>\n\t\t\t\t<\/div>\n\t\t<div class=\"elementor-element elementor-element-23bc193 e-flex e-con-boxed e-con e-parent\" data-id=\"23bc193\" data-element_type=\"container\" data-e-type=\"container\" data-settings=\"{&quot;_ha_eqh_enable&quot;:false}\">\n\t\t\t\t\t<div class=\"e-con-inner\">\n\t\t\t\t<div class=\"elementor-element elementor-element-f89b602 elementor-widget elementor-widget-spacer\" data-id=\"f89b602\" data-element_type=\"widget\" data-e-type=\"widget\" data-widget_type=\"spacer.default\">\n\t\t\t\t\t\t\t<div class=\"elementor-spacer\">\n\t\t\t<div class=\"elementor-spacer-inner\"><\/div>\n\t\t<\/div>\n\t\t\t\t\t\t<\/div>\n\t\t\t\t<div class=\"elementor-element elementor-element-df0c7e6 elementor-widget elementor-widget-spacer\" data-id=\"df0c7e6\" data-element_type=\"widget\" data-e-type=\"widget\" data-widget_type=\"spacer.default\">\n\t\t\t\t\t\t\t<div class=\"elementor-spacer\">\n\t\t\t<div class=\"elementor-spacer-inner\"><\/div>\n\t\t<\/div>\n\t\t\t\t\t\t<\/div>\n\t\t\t\t\t<\/div>\n\t\t\t\t<\/div>\n\t\t<div class=\"elementor-element elementor-element-4dd4c43 e-flex e-con-boxed e-con e-parent\" data-id=\"4dd4c43\" data-element_type=\"container\" data-e-type=\"container\" data-settings=\"{&quot;_ha_eqh_enable&quot;:false}\">\n\t\t\t\t\t<div class=\"e-con-inner\">\n\t\t<div class=\"elementor-element elementor-element-120c4e3 e-con-full e-flex e-con e-child\" data-id=\"120c4e3\" data-element_type=\"container\" data-e-type=\"container\" data-settings=\"{&quot;_ha_eqh_enable&quot;:false}\">\n\t\t\t\t<div class=\"elementor-element elementor-element-241f57d elementor-widget elementor-widget-image\" data-id=\"241f57d\" data-element_type=\"widget\" data-e-type=\"widget\" data-widget_type=\"image.default\">\n\t\t\t\t\t\t\t\t\t\t\t\t\t\t\t<img fetchpriority=\"high\" decoding=\"async\" width=\"300\" height=\"203\" src=\"https:\/\/www.xarxa-solidaria.cat\/wp-content\/uploads\/2024\/10\/Imagen-1-sport-adaptat-300x203-1.jpg\" class=\"attachment-large size-large wp-image-2156\" alt=\"\" \/>\t\t\t\t\t\t\t\t\t\t\t\t\t\t\t<\/div>\n\t\t\t\t<\/div>\n\t\t<div class=\"elementor-element elementor-element-76b4525 e-con-full e-flex e-con e-child\" data-id=\"76b4525\" data-element_type=\"container\" data-e-type=\"container\" data-settings=\"{&quot;_ha_eqh_enable&quot;:false}\">\n\t\t\t\t<div class=\"elementor-element elementor-element-d22e1c9 elementor-widget elementor-widget-text-editor\" data-id=\"d22e1c9\" data-element_type=\"widget\" data-e-type=\"widget\" data-widget_type=\"text-editor.default\">\n\t\t\t\t\t\t\t\t\t<h3><span style=\"color: #993366;\"><b>ADAPTA\u2019T<\/b><b> AL <\/b><b>ESPORT<\/b><\/span><\/h3><div>Durant 2022,\u00a0 la Lliga ha continuat promovent l\u2019esport, tant l\u2019esport adaptat com l\u2019esport unificat per a acomplir dos dels seus objectius principals: d\u2019una banda la millora de la qualitat de vida i el foment d\u2019h\u00e0bits de vida saludable; i d\u2019altra banda donar visibilitat a les persones amb discapacitat en la societat per afavorir la seva plena inclusi\u00f3.\u00a0<\/div><p>S\u2019ha col\u00b7laborat des de l\u2019entitat en diversos esdeveniments de promoci\u00f3 i difusi\u00f3 de l\u2019Esport Adaptat i unificat, realitzades tamb\u00e9 amb el suport i la col\u00b7laboraci\u00f3 de la Federaci\u00f3 Mestral.<\/p>\t\t\t\t\t\t\t\t<\/div>\n\t\t\t\t<\/div>\n\t\t\t\t\t<\/div>\n\t\t\t\t<\/div>\n\t\t<div class=\"elementor-element elementor-element-ff4019e e-flex e-con-boxed e-con e-parent\" data-id=\"ff4019e\" data-element_type=\"container\" data-e-type=\"container\" data-settings=\"{&quot;_ha_eqh_enable&quot;:false}\">\n\t\t\t\t\t<div class=\"e-con-inner\">\n\t\t<div class=\"elementor-element elementor-element-22b7729 e-con-full e-flex e-con e-child\" data-id=\"22b7729\" data-element_type=\"container\" data-e-type=\"container\" data-settings=\"{&quot;_ha_eqh_enable&quot;:false}\">\n\t\t\t\t<div class=\"elementor-element elementor-element-7b48cf4 elementor-widget elementor-widget-image\" data-id=\"7b48cf4\" data-element_type=\"widget\" data-e-type=\"widget\" data-widget_type=\"image.default\">\n\t\t\t\t\t\t\t\t\t\t\t\t\t\t\t<img decoding=\"async\" width=\"428\" height=\"600\" src=\"https:\/\/www.xarxa-solidaria.cat\/wp-content\/uploads\/2024\/10\/Sport-adaptat-2-428x600-1.jpg\" class=\"attachment-full size-full wp-image-2157\" alt=\"\" srcset=\"https:\/\/www.xarxa-solidaria.cat\/wp-content\/uploads\/2024\/10\/Sport-adaptat-2-428x600-1.jpg 428w, https:\/\/www.xarxa-solidaria.cat\/wp-content\/uploads\/2024\/10\/Sport-adaptat-2-428x600-1-214x300.jpg 214w\" sizes=\"(max-width: 428px) 100vw, 428px\" \/>\t\t\t\t\t\t\t\t\t\t\t\t\t\t\t<\/div>\n\t\t\t\t<\/div>\n\t\t<div class=\"elementor-element elementor-element-4cac4e2 e-con-full e-flex e-con e-child\" data-id=\"4cac4e2\" data-element_type=\"container\" data-e-type=\"container\" data-settings=\"{&quot;_ha_eqh_enable&quot;:false}\">\n\t\t\t\t<div class=\"elementor-element elementor-element-0ecaf8b elementor-widget elementor-widget-text-editor\" data-id=\"0ecaf8b\" data-element_type=\"widget\" data-e-type=\"widget\" data-widget_type=\"text-editor.default\">\n\t\t\t\t\t\t\t\t\t<h3 style=\"font-family: Roboto, sans-serif; font-style: normal;\"><span style=\"color: #993366;\"><span style=\"font-weight: bold;\">SUPORT<\/span><span style=\"font-weight: bold;\">\u00a0A LA\u00a0<\/span><span style=\"font-weight: bold;\">PR\u00c0CTICA<\/span><span style=\"font-weight: bold;\">\u00a0ESPORTIVA<\/span><\/span><\/h3><p style=\"font-size: 16px;\">Durant 2022, la Lliga ha continuat promovent l&#8217;esport, tant l&#8217;esport adaptat com l&#8217;esport unificat per a complir dos dels seus objectius principals: d&#8217;una banda, la millora de la qualitat de vida i el foment d&#8217;h\u00e0bits de vida saludable; i, d&#8217;altra banda, donar visibilitat a les persones amb discapacitat en la societat per afavorir la seva plena inclusi\u00f3.<\/p><p style=\"font-size: 16px;\">S&#8217;ha col\u00b7laborat des de l&#8217;entitat en diversos esdeveniments de promoci\u00f3 i difusi\u00f3 de l&#8217;Esport Adaptat i unificat, realitzades tamb\u00e9 amb el suport i la col\u00b7laboraci\u00f3 de la Federaci\u00f3 Mestral.<\/p><h3><span style=\"color: #993366;\"><strong>FOMENT\u00a0ESPORT\u00a0ADAPTAT\u00a0\/\u00a0<\/strong><strong>INTEGRAT<\/strong><\/span><\/h3><p style=\"font-size: 16px;\">Pr\u00e0ctica esportiva amb activitats de promoci\u00f3 de la pr\u00e1ctica esportiva per part de persones amb discapacitat i orientaci\u00f3 d\u2019acord a les prefer\u00e8ncies i interessos del noi, les seves capacitats, la disponibilitat de l\u2019esport concret i, si s\u2019escau, l\u2019orientaci\u00f3 i direccionalitat cap a la competici\u00f3.\u00a0<\/p><p style=\"font-size: 16px;\">Es va fer palesa la necessitat d\u2019escoles i centres espec\u00edfics d\u2019esports adaptats.<\/p><h3>\u00a0<\/h3>\t\t\t\t\t\t\t\t<\/div>\n\t\t\t\t<\/div>\n\t\t\t\t\t<\/div>\n\t\t\t\t<\/div>\n\t\t<div class=\"elementor-element elementor-element-fc64063 e-flex e-con-boxed e-con e-parent\" data-id=\"fc64063\" data-element_type=\"container\" data-e-type=\"container\" data-settings=\"{&quot;_ha_eqh_enable&quot;:false}\">\n\t\t\t\t\t<div class=\"e-con-inner\">\n\t\t\t\t<div class=\"elementor-element elementor-element-10d09e0 elementor-widget elementor-widget-spacer\" data-id=\"10d09e0\" data-element_type=\"widget\" data-e-type=\"widget\" data-widget_type=\"spacer.default\">\n\t\t\t\t\t\t\t<div class=\"elementor-spacer\">\n\t\t\t<div class=\"elementor-spacer-inner\"><\/div>\n\t\t<\/div>\n\t\t\t\t\t\t<\/div>\n\t\t\t\t\t<\/div>\n\t\t\t\t<\/div>\n\t\t\t\t<\/div>\n\t\t","protected":false},"excerpt":{"rendered":"<p>L&#8217;ESPORT INTEGRADOR ADAPTA\u2019T AL ESPORT Durant 2022,\u00a0 la Lliga ha continuat promovent l\u2019esport, tant l\u2019esport adaptat com l\u2019esport unificat per a acomplir dos dels seus objectius principals: d\u2019una banda la &#8230;<\/p>\n","protected":false},"author":1,"featured_media":0,"parent":2435,"menu_order":0,"comment_status":"closed","ping_status":"closed","template":"elementor_header_footer","meta":{"footnotes":""},"class_list":["post-2152","page","type-page","status-publish","hentry"],"_links":{"self":[{"href":"https:\/\/www.xarxa-solidaria.cat\/index.php?rest_route=\/wp\/v2\/pages\/2152","targetHints":{"allow":["GET"]}}],"collection":[{"href":"https:\/\/www.xarxa-solidaria.cat\/index.php?rest_route=\/wp\/v2\/pages"}],"about":[{"href":"https:\/\/www.xarxa-solidaria.cat\/index.php?rest_route=\/wp\/v2\/types\/page"}],"author":[{"embeddable":true,"href":"https:\/\/www.xarxa-solidaria.cat\/index.php?rest_route=\/wp\/v2\/users\/1"}],"replies":[{"embeddable":true,"href":"https:\/\/www.xarxa-solidaria.cat\/index.php?rest_route=%2Fwp%2Fv2%2Fcomments&post=2152"}],"version-history":[{"count":16,"href":"https:\/\/www.xarxa-solidaria.cat\/index.php?rest_route=\/wp\/v2\/pages\/2152\/revisions"}],"predecessor-version":[{"id":2555,"href":"https:\/\/www.xarxa-solidaria.cat\/index.php?rest_route=\/wp\/v2\/pages\/2152\/revisions\/2555"}],"up":[{"embeddable":true,"href":"https:\/\/www.xarxa-solidaria.cat\/index.php?rest_route=\/wp\/v2\/pages\/2435"}],"wp:attachment":[{"href":"https:\/\/www.xarxa-solidaria.cat\/index.php?rest_route=%2Fwp%2Fv2%2Fmedia&parent=2152"}],"curies":[{"name":"wp","href":"https:\/\/api.w.org\/{rel}","templated":true}]}}