{"id":2288,"date":"2025-03-27T10:12:25","date_gmt":"2025-03-27T10:12:25","guid":{"rendered":"https:\/\/www.xarxa-solidaria.cat\/?page_id=2288"},"modified":"2026-01-30T12:33:24","modified_gmt":"2026-01-30T12:33:24","slug":"que-les-rodes-no-et-parin","status":"publish","type":"page","link":"https:\/\/www.xarxa-solidaria.cat\/?page_id=2288","title":{"rendered":"Que les rodes no et parin"},"content":{"rendered":"\t\t<div data-elementor-type=\"wp-page\" data-elementor-id=\"2288\" class=\"elementor elementor-2288\" data-elementor-settings=\"{&quot;ha_cmc_init_switcher&quot;:&quot;no&quot;}\">\n\t\t\t\t<div class=\"elementor-element elementor-element-562d527 e-grid e-con-full e-con e-parent\" data-id=\"562d527\" data-element_type=\"container\" data-e-type=\"container\" data-settings=\"{&quot;background_background&quot;:&quot;slideshow&quot;,&quot;background_slideshow_gallery&quot;:[{&quot;id&quot;:2303,&quot;url&quot;:&quot;https:\\\/\\\/www.xarxa-solidaria.cat\\\/wp-content\\\/uploads\\\/2025\\\/03\\\/12.png&quot;}],&quot;background_slideshow_loop&quot;:&quot;yes&quot;,&quot;background_slideshow_slide_duration&quot;:5000,&quot;background_slideshow_slide_transition&quot;:&quot;fade&quot;,&quot;background_slideshow_transition_duration&quot;:500,&quot;_ha_eqh_enable&quot;:false}\">\n\t\t\t\t<div class=\"elementor-element elementor-element-c90ade0 elementor-widget elementor-widget-heading\" data-id=\"c90ade0\" data-element_type=\"widget\" data-e-type=\"widget\" data-widget_type=\"heading.default\">\n\t\t\t\t\t<h1 class=\"elementor-heading-title elementor-size-default\">QUE LES RODES NO ET PARIN<\/h1>\t\t\t\t<\/div>\n\t\t\t\t<\/div>\n\t\t<div class=\"elementor-element elementor-element-4cef7da e-flex e-con-boxed e-con e-parent\" data-id=\"4cef7da\" data-element_type=\"container\" data-e-type=\"container\" data-settings=\"{&quot;_ha_eqh_enable&quot;:false}\">\n\t\t\t\t\t<div class=\"e-con-inner\">\n\t\t\t\t<div class=\"elementor-element elementor-element-1b9ef4d elementor-widget elementor-widget-spacer\" data-id=\"1b9ef4d\" data-element_type=\"widget\" data-e-type=\"widget\" data-widget_type=\"spacer.default\">\n\t\t\t\t\t\t\t<div class=\"elementor-spacer\">\n\t\t\t<div class=\"elementor-spacer-inner\"><\/div>\n\t\t<\/div>\n\t\t\t\t\t\t<\/div>\n\t\t\t\t<div class=\"elementor-element elementor-element-27c2a95 elementor-widget elementor-widget-text-editor\" data-id=\"27c2a95\" data-element_type=\"widget\" data-e-type=\"widget\" data-widget_type=\"text-editor.default\">\n\t\t\t\t\t\t\t\t\t<p>Les persones amb mobilitat redu\u00efda que necessiten cadira de rodes per a despla\u00e7ar-se, sigui per per\u00edodes prolongats o de per vida, han de tenir una especial cura en mantenir uns h\u00e0bits de vida saludable i de prevenci\u00f3 de comorbiditats i d\u2019altres afeccions per causa de la immobibitat, de la possible depend\u00e8ncia d\u2019altri i de l\u2019a\u00efllament social.<\/p><p>La manca d\u2019uns <strong>h\u00e0bits de vida saludable<\/strong>, com s\u00f3n l\u2019alimentaci\u00f3, l\u2019activitat f\u00edsica, la disciplina d\u2019uns horaris b\u00e0sics, per una banda; el poc acc\u00e9s a relacions socials i comunit\u00e0ries; la possibilitat de perdre el control de les emocions\u2026 poden ocasionar desajustaments, empitjorament de la situaci\u00f3 sanitari i social.<\/p><p>El programa <strong>QUE LES RODES NO ET PARIN<\/strong> va adre\u00e7at a col\u00b7laborar en la informaci\u00f3, la formaci\u00f3 i consells pr\u00e0ctics (fruit d\u2019experi\u00e8ncies personals) de persones d\u2019aquest col.lectiu sobre prevenci\u00f3 de problem\u00e0tiques afegides i aprenentatge i\/o consolidaci\u00f3 d\u2019h\u00e0bits de vida saludable. Tot plegat enfocat a mantenir i millorar la seva qualitat de vida, assolint el m\u00e0xim d\u2019<strong>AUTONOMIA PERSONAL<\/strong>.\u00a0<\/p><p>En resum, l\u2019objectiu b\u00e0sic d\u2019aquest programa \u00e9s el de promoure la autocura de la salut de les persones amb discapacitat i amb mobilitat redu\u00efda, mitjan\u00e7ant el foment d\u2019estils i h\u00e0bits de vida saludable en l\u2019\u00e0mbit personal, familiar i comunitari, priorit\u00e0riament en els col\u00b7lectius de persones joves amb discapacitat i\/o especial vulnerabilitat i fent-lo extensible a les seves fam\u00edlies i a la poblaci\u00f3 en general, aprofitant el potencial de les associacions de persones amb discapacitat f\u00edsica i\/o org\u00e0nica.<\/p><p>Tot plegat des de la col.laboraci\u00f3 i la recomanaci\u00f3 de la consulta als professionals sanitaris i socials.<\/p><p>\u00a0<\/p>\t\t\t\t\t\t\t\t<\/div>\n\t\t\t\t\t<\/div>\n\t\t\t\t<\/div>\n\t\t<div class=\"elementor-element elementor-element-0bf23f9 e-flex e-con-boxed e-con e-parent\" data-id=\"0bf23f9\" data-element_type=\"container\" data-e-type=\"container\" data-settings=\"{&quot;_ha_eqh_enable&quot;:false}\">\n\t\t\t\t\t<div class=\"e-con-inner\">\n\t\t<div class=\"elementor-element elementor-element-65daafa e-con-full e-flex e-con e-child\" data-id=\"65daafa\" data-element_type=\"container\" data-e-type=\"container\" data-settings=\"{&quot;_ha_eqh_enable&quot;:false}\">\n\t\t\t\t<div class=\"elementor-element elementor-element-0db3901 elementor-widget elementor-widget-image\" data-id=\"0db3901\" data-element_type=\"widget\" data-e-type=\"widget\" data-widget_type=\"image.default\">\n\t\t\t\t\t\t\t\t\t\t\t\t\t\t\t<img fetchpriority=\"high\" decoding=\"async\" width=\"800\" height=\"618\" src=\"https:\/\/www.xarxa-solidaria.cat\/wp-content\/uploads\/2025\/03\/1-2-1024x791.png\" class=\"attachment-large size-large wp-image-2475\" alt=\"\" srcset=\"https:\/\/www.xarxa-solidaria.cat\/wp-content\/uploads\/2025\/03\/1-2-1024x791.png 1024w, https:\/\/www.xarxa-solidaria.cat\/wp-content\/uploads\/2025\/03\/1-2-300x232.png 300w, https:\/\/www.xarxa-solidaria.cat\/wp-content\/uploads\/2025\/03\/1-2-768x593.png 768w, https:\/\/www.xarxa-solidaria.cat\/wp-content\/uploads\/2025\/03\/1-2-1536x1187.png 1536w, https:\/\/www.xarxa-solidaria.cat\/wp-content\/uploads\/2025\/03\/1-2.png 2000w\" sizes=\"(max-width: 800px) 100vw, 800px\" \/>\t\t\t\t\t\t\t\t\t\t\t\t\t\t\t<\/div>\n\t\t\t\t<\/div>\n\t\t<div class=\"elementor-element elementor-element-32d000b e-con-full e-flex e-con e-child\" data-id=\"32d000b\" data-element_type=\"container\" data-e-type=\"container\" data-settings=\"{&quot;_ha_eqh_enable&quot;:false}\">\n\t\t\t\t<div class=\"elementor-element elementor-element-9dda114 elementor-widget elementor-widget-image\" data-id=\"9dda114\" data-element_type=\"widget\" data-e-type=\"widget\" data-widget_type=\"image.default\">\n\t\t\t\t\t\t\t\t\t\t\t\t\t\t\t<img decoding=\"async\" width=\"800\" height=\"618\" src=\"https:\/\/www.xarxa-solidaria.cat\/wp-content\/uploads\/2025\/03\/2-2-1024x791.png\" class=\"attachment-large size-large wp-image-2476\" alt=\"\" srcset=\"https:\/\/www.xarxa-solidaria.cat\/wp-content\/uploads\/2025\/03\/2-2-1024x791.png 1024w, https:\/\/www.xarxa-solidaria.cat\/wp-content\/uploads\/2025\/03\/2-2-300x232.png 300w, https:\/\/www.xarxa-solidaria.cat\/wp-content\/uploads\/2025\/03\/2-2-768x593.png 768w, https:\/\/www.xarxa-solidaria.cat\/wp-content\/uploads\/2025\/03\/2-2-1536x1187.png 1536w, https:\/\/www.xarxa-solidaria.cat\/wp-content\/uploads\/2025\/03\/2-2.png 2000w\" sizes=\"(max-width: 800px) 100vw, 800px\" \/>\t\t\t\t\t\t\t\t\t\t\t\t\t\t\t<\/div>\n\t\t\t\t<\/div>\n\t\t<div class=\"elementor-element elementor-element-2cfe17b e-con-full e-flex e-con e-child\" data-id=\"2cfe17b\" data-element_type=\"container\" data-e-type=\"container\" data-settings=\"{&quot;_ha_eqh_enable&quot;:false}\">\n\t\t\t\t<div class=\"elementor-element elementor-element-bbd084b elementor-align-center elementor-widget elementor-widget-button\" data-id=\"bbd084b\" data-element_type=\"widget\" data-e-type=\"widget\" data-widget_type=\"button.default\">\n\t\t\t\t\t\t\t\t\t\t<a class=\"elementor-button elementor-button-link elementor-size-sm\" href=\"#\">\n\t\t\t\t\t\t<span class=\"elementor-button-content-wrapper\">\n\t\t\t\t\t\t\t\t\t<span class=\"elementor-button-text\">1a EDICI\u00d3 (Finalitzada)<\/span>\n\t\t\t\t\t<\/span>\n\t\t\t\t\t<\/a>\n\t\t\t\t\t\t\t\t<\/div>\n\t\t\t\t<div class=\"elementor-element elementor-element-4667d39 elementor-align-center elementor-widget elementor-widget-button\" data-id=\"4667d39\" data-element_type=\"widget\" data-e-type=\"widget\" data-widget_type=\"button.default\">\n\t\t\t\t\t\t\t\t\t\t<a class=\"elementor-button elementor-button-link elementor-size-sm\" href=\"https:\/\/www.xarxa-solidaria.cat\/?page_id=3085\" target=\"_blank\">\n\t\t\t\t\t\t<span class=\"elementor-button-content-wrapper\">\n\t\t\t\t\t\t\t\t\t<span class=\"elementor-button-text\">2a EDICI\u00d3 (Finalitzada)<\/span>\n\t\t\t\t\t<\/span>\n\t\t\t\t\t<\/a>\n\t\t\t\t\t\t\t\t<\/div>\n\t\t\t\t<div class=\"elementor-element elementor-element-ab421aa elementor-align-center elementor-widget elementor-widget-button\" data-id=\"ab421aa\" data-element_type=\"widget\" data-e-type=\"widget\" data-widget_type=\"button.default\">\n\t\t\t\t\t\t\t\t\t\t<a class=\"elementor-button elementor-button-link elementor-size-sm\" href=\"https:\/\/www.xarxa-solidaria.cat\/?page_id=3263\" target=\"_blank\">\n\t\t\t\t\t\t<span class=\"elementor-button-content-wrapper\">\n\t\t\t\t\t\t\t\t\t<span class=\"elementor-button-text\">3a EDICI\u00d3 (En curs)<\/span>\n\t\t\t\t\t<\/span>\n\t\t\t\t\t<\/a>\n\t\t\t\t\t\t\t\t<\/div>\n\t\t\t\t<div class=\"elementor-element elementor-element-3dd4ce3 elementor-widget elementor-widget-spacer\" data-id=\"3dd4ce3\" data-element_type=\"widget\" data-e-type=\"widget\" data-widget_type=\"spacer.default\">\n\t\t\t\t\t\t\t<div class=\"elementor-spacer\">\n\t\t\t<div class=\"elementor-spacer-inner\"><\/div>\n\t\t<\/div>\n\t\t\t\t\t\t<\/div>\n\t\t\t\t<\/div>\n\t\t\t\t\t<\/div>\n\t\t\t\t<\/div>\n\t\t<div class=\"elementor-element elementor-element-451bf76 e-flex e-con-boxed e-con e-parent\" data-id=\"451bf76\" data-element_type=\"container\" data-e-type=\"container\" data-settings=\"{&quot;_ha_eqh_enable&quot;:false}\">\n\t\t\t\t\t<div class=\"e-con-inner\">\n\t\t\t\t<div class=\"elementor-element elementor-element-e69c2f2 elementor-widget elementor-widget-spacer\" data-id=\"e69c2f2\" data-element_type=\"widget\" data-e-type=\"widget\" data-widget_type=\"spacer.default\">\n\t\t\t\t\t\t\t<div class=\"elementor-spacer\">\n\t\t\t<div class=\"elementor-spacer-inner\"><\/div>\n\t\t<\/div>\n\t\t\t\t\t\t<\/div>\n\t\t\t\t\t<\/div>\n\t\t\t\t<\/div>\n\t\t<div class=\"elementor-element elementor-element-feacf70 e-flex e-con-boxed e-con e-parent\" data-id=\"feacf70\" data-element_type=\"container\" data-e-type=\"container\" data-settings=\"{&quot;_ha_eqh_enable&quot;:false}\">\n\t\t\t\t\t<div class=\"e-con-inner\">\n\t\t\t\t<div class=\"elementor-element elementor-element-507b419 elementor-widget elementor-widget-spacer\" data-id=\"507b419\" data-element_type=\"widget\" data-e-type=\"widget\" data-widget_type=\"spacer.default\">\n\t\t\t\t\t\t\t<div class=\"elementor-spacer\">\n\t\t\t<div class=\"elementor-spacer-inner\"><\/div>\n\t\t<\/div>\n\t\t\t\t\t\t<\/div>\n\t\t\t\t\t<\/div>\n\t\t\t\t<\/div>\n\t\t\t\t<\/div>\n\t\t","protected":false},"excerpt":{"rendered":"<p>QUE LES RODES NO ET PARIN Les persones amb mobilitat redu\u00efda que necessiten cadira de rodes per a despla\u00e7ar-se, sigui per per\u00edodes prolongats o de per vida, han de tenir &#8230;<\/p>\n","protected":false},"author":1,"featured_media":2289,"parent":2435,"menu_order":0,"comment_status":"closed","ping_status":"closed","template":"elementor_header_footer","meta":{"footnotes":""},"class_list":["post-2288","page","type-page","status-publish","has-post-thumbnail","hentry"],"_links":{"self":[{"href":"https:\/\/www.xarxa-solidaria.cat\/index.php?rest_route=\/wp\/v2\/pages\/2288","targetHints":{"allow":["GET"]}}],"collection":[{"href":"https:\/\/www.xarxa-solidaria.cat\/index.php?rest_route=\/wp\/v2\/pages"}],"about":[{"href":"https:\/\/www.xarxa-solidaria.cat\/index.php?rest_route=\/wp\/v2\/types\/page"}],"author":[{"embeddable":true,"href":"https:\/\/www.xarxa-solidaria.cat\/index.php?rest_route=\/wp\/v2\/users\/1"}],"replies":[{"embeddable":true,"href":"https:\/\/www.xarxa-solidaria.cat\/index.php?rest_route=%2Fwp%2Fv2%2Fcomments&post=2288"}],"version-history":[{"count":40,"href":"https:\/\/www.xarxa-solidaria.cat\/index.php?rest_route=\/wp\/v2\/pages\/2288\/revisions"}],"predecessor-version":[{"id":3291,"href":"https:\/\/www.xarxa-solidaria.cat\/index.php?rest_route=\/wp\/v2\/pages\/2288\/revisions\/3291"}],"up":[{"embeddable":true,"href":"https:\/\/www.xarxa-solidaria.cat\/index.php?rest_route=\/wp\/v2\/pages\/2435"}],"wp:featuredmedia":[{"embeddable":true,"href":"https:\/\/www.xarxa-solidaria.cat\/index.php?rest_route=\/wp\/v2\/media\/2289"}],"wp:attachment":[{"href":"https:\/\/www.xarxa-solidaria.cat\/index.php?rest_route=%2Fwp%2Fv2%2Fmedia&parent=2288"}],"curies":[{"name":"wp","href":"https:\/\/api.w.org\/{rel}","templated":true}]}}