{"id":2435,"date":"2025-03-28T11:31:07","date_gmt":"2025-03-28T11:31:07","guid":{"rendered":"https:\/\/www.xarxa-solidaria.cat\/?page_id=2435"},"modified":"2026-02-11T09:53:23","modified_gmt":"2026-02-11T09:53:23","slug":"programes","status":"publish","type":"page","link":"https:\/\/www.xarxa-solidaria.cat\/?page_id=2435","title":{"rendered":"Programes"},"content":{"rendered":"\t\t<div data-elementor-type=\"wp-page\" data-elementor-id=\"2435\" class=\"elementor elementor-2435\" data-elementor-settings=\"{&quot;ha_cmc_init_switcher&quot;:&quot;no&quot;}\">\n\t\t\t\t<div class=\"elementor-element elementor-element-a92fe41 e-grid e-con-full e-con e-parent\" data-id=\"a92fe41\" data-element_type=\"container\" data-e-type=\"container\" data-settings=\"{&quot;background_background&quot;:&quot;classic&quot;,&quot;_ha_eqh_enable&quot;:false}\">\n\t\t\t\t<div class=\"elementor-element elementor-element-eceebdd elementor-widget elementor-widget-heading\" data-id=\"eceebdd\" data-element_type=\"widget\" data-e-type=\"widget\" data-widget_type=\"heading.default\">\n\t\t\t\t\t<h1 class=\"elementor-heading-title elementor-size-default\">PROGRAMES<\/h1>\t\t\t\t<\/div>\n\t\t\t\t<\/div>\n\t\t<div class=\"elementor-element elementor-element-44dca1f e-flex e-con-boxed e-con e-parent\" data-id=\"44dca1f\" data-element_type=\"container\" data-e-type=\"container\" data-settings=\"{&quot;background_background&quot;:&quot;classic&quot;,&quot;_ha_eqh_enable&quot;:false}\">\n\t\t\t\t\t<div class=\"e-con-inner\">\n\t\t\t\t<div class=\"elementor-element elementor-element-06cf41e elementor-widget elementor-widget-spacer\" data-id=\"06cf41e\" data-element_type=\"widget\" data-e-type=\"widget\" data-widget_type=\"spacer.default\">\n\t\t\t\t\t\t\t<div class=\"elementor-spacer\">\n\t\t\t<div class=\"elementor-spacer-inner\"><\/div>\n\t\t<\/div>\n\t\t\t\t\t\t<\/div>\n\t\t\t\t<div class=\"elementor-element elementor-element-9824850 elementor-widget elementor-widget-heading\" data-id=\"9824850\" data-element_type=\"widget\" data-e-type=\"widget\" data-widget_type=\"heading.default\">\n\t\t\t\t\t<h2 class=\"elementor-heading-title elementor-size-default\">PROGRAMES DESTACATS<\/h2>\t\t\t\t<\/div>\n\t\t<div class=\"elementor-element elementor-element-063da9d e-con-full e-flex e-con e-child\" data-id=\"063da9d\" data-element_type=\"container\" data-e-type=\"container\" data-settings=\"{&quot;_ha_eqh_enable&quot;:false}\">\n\t\t<div class=\"elementor-element elementor-element-5e5b5a1 e-con-full e-grid e-con e-child\" data-id=\"5e5b5a1\" data-element_type=\"container\" data-e-type=\"container\" data-settings=\"{&quot;_ha_eqh_enable&quot;:false}\">\n\t\t\t\t<div data-ha-element-link=\"{&quot;url&quot;:&quot;https:\\\/\\\/www.xarxa-solidaria.cat\\\/?page_id=1703&quot;,&quot;is_external&quot;:&quot;on&quot;,&quot;nofollow&quot;:&quot;&quot;}\" style=\"cursor: pointer\" class=\"elementor-element elementor-element-6858276 elementor-position-top elementor-widget elementor-widget-image-box\" data-id=\"6858276\" data-element_type=\"widget\" data-e-type=\"widget\" data-widget_type=\"image-box.default\">\n\t\t\t\t\t<div class=\"elementor-image-box-wrapper\"><figure class=\"elementor-image-box-img\"><a href=\"https:\/\/www.xarxa-solidaria.cat\/?page_id=1703\" target=\"_blank\" tabindex=\"-1\"><img fetchpriority=\"high\" decoding=\"async\" width=\"1495\" height=\"859\" src=\"https:\/\/www.xarxa-solidaria.cat\/wp-content\/uploads\/2024\/06\/Programas-Sinergia.png\" class=\"attachment-2048x2048 size-2048x2048 wp-image-1725\" alt=\"\" srcset=\"https:\/\/www.xarxa-solidaria.cat\/wp-content\/uploads\/2024\/06\/Programas-Sinergia.png 1495w, https:\/\/www.xarxa-solidaria.cat\/wp-content\/uploads\/2024\/06\/Programas-Sinergia-300x172.png 300w, https:\/\/www.xarxa-solidaria.cat\/wp-content\/uploads\/2024\/06\/Programas-Sinergia-1024x588.png 1024w, https:\/\/www.xarxa-solidaria.cat\/wp-content\/uploads\/2024\/06\/Programas-Sinergia-768x441.png 768w\" sizes=\"(max-width: 1495px) 100vw, 1495px\" \/><\/a><\/figure><div class=\"elementor-image-box-content\"><h3 class=\"elementor-image-box-title\"><a href=\"https:\/\/www.xarxa-solidaria.cat\/?page_id=1703\" target=\"_blank\">Servei Sinergia Laboral<\/a><\/h3><p class=\"elementor-image-box-description\">Veure m\u00e9s aqu\u00ed<\/p><\/div><\/div>\t\t\t\t<\/div>\n\t\t\t\t<div data-ha-element-link=\"{&quot;url&quot;:&quot;https:\\\/\\\/www.xarxa-solidaria.cat\\\/?page_id=2288&quot;,&quot;is_external&quot;:&quot;on&quot;,&quot;nofollow&quot;:&quot;&quot;}\" style=\"cursor: pointer\" class=\"elementor-element elementor-element-4ec8cef elementor-position-top elementor-widget elementor-widget-image-box\" data-id=\"4ec8cef\" data-element_type=\"widget\" data-e-type=\"widget\" data-widget_type=\"image-box.default\">\n\t\t\t\t\t<div class=\"elementor-image-box-wrapper\"><figure class=\"elementor-image-box-img\"><a href=\"https:\/\/www.xarxa-solidaria.cat\/?page_id=2288\" target=\"_blank\" tabindex=\"-1\"><img decoding=\"async\" width=\"1920\" height=\"1080\" src=\"https:\/\/www.xarxa-solidaria.cat\/wp-content\/uploads\/2026\/02\/NO-ET-PARIN.jpg\" class=\"attachment-full size-full wp-image-3294\" alt=\"\" srcset=\"https:\/\/www.xarxa-solidaria.cat\/wp-content\/uploads\/2026\/02\/NO-ET-PARIN.jpg 1920w, https:\/\/www.xarxa-solidaria.cat\/wp-content\/uploads\/2026\/02\/NO-ET-PARIN-300x169.jpg 300w, https:\/\/www.xarxa-solidaria.cat\/wp-content\/uploads\/2026\/02\/NO-ET-PARIN-1024x576.jpg 1024w, https:\/\/www.xarxa-solidaria.cat\/wp-content\/uploads\/2026\/02\/NO-ET-PARIN-768x432.jpg 768w, https:\/\/www.xarxa-solidaria.cat\/wp-content\/uploads\/2026\/02\/NO-ET-PARIN-1536x864.jpg 1536w, https:\/\/www.xarxa-solidaria.cat\/wp-content\/uploads\/2026\/02\/NO-ET-PARIN-600x338.jpg 600w\" sizes=\"(max-width: 1920px) 100vw, 1920px\" \/><\/a><\/figure><div class=\"elementor-image-box-content\"><h3 class=\"elementor-image-box-title\"><a href=\"https:\/\/www.xarxa-solidaria.cat\/?page_id=2288\" target=\"_blank\">Que les rodes no et parin<\/a><\/h3><p class=\"elementor-image-box-description\">Veure m\u00e9s aqu\u00ed<\/p><\/div><\/div>\t\t\t\t<\/div>\n\t\t\t\t<div data-ha-element-link=\"{&quot;url&quot;:&quot;https:\\\/\\\/www.xarxa-solidaria.cat\\\/?page_id=23&quot;,&quot;is_external&quot;:&quot;on&quot;,&quot;nofollow&quot;:&quot;&quot;}\" style=\"cursor: pointer\" class=\"elementor-element elementor-element-c660f5c elementor-position-top elementor-widget elementor-widget-image-box\" data-id=\"c660f5c\" data-element_type=\"widget\" data-e-type=\"widget\" data-widget_type=\"image-box.default\">\n\t\t\t\t\t<div class=\"elementor-image-box-wrapper\"><figure class=\"elementor-image-box-img\"><a href=\"https:\/\/www.xarxa-solidaria.cat\/?page_id=23\" target=\"_blank\" tabindex=\"-1\"><img decoding=\"async\" width=\"1920\" height=\"1080\" src=\"https:\/\/www.xarxa-solidaria.cat\/wp-content\/uploads\/2026\/02\/NO-ET-PARIN-1.jpg\" class=\"attachment-full size-full wp-image-3295\" alt=\"\" srcset=\"https:\/\/www.xarxa-solidaria.cat\/wp-content\/uploads\/2026\/02\/NO-ET-PARIN-1.jpg 1920w, https:\/\/www.xarxa-solidaria.cat\/wp-content\/uploads\/2026\/02\/NO-ET-PARIN-1-300x169.jpg 300w, https:\/\/www.xarxa-solidaria.cat\/wp-content\/uploads\/2026\/02\/NO-ET-PARIN-1-1024x576.jpg 1024w, https:\/\/www.xarxa-solidaria.cat\/wp-content\/uploads\/2026\/02\/NO-ET-PARIN-1-768x432.jpg 768w, https:\/\/www.xarxa-solidaria.cat\/wp-content\/uploads\/2026\/02\/NO-ET-PARIN-1-1536x864.jpg 1536w, https:\/\/www.xarxa-solidaria.cat\/wp-content\/uploads\/2026\/02\/NO-ET-PARIN-1-600x338.jpg 600w\" sizes=\"(max-width: 1920px) 100vw, 1920px\" \/><\/a><\/figure><div class=\"elementor-image-box-content\"><h3 class=\"elementor-image-box-title\"><a href=\"https:\/\/www.xarxa-solidaria.cat\/?page_id=23\" target=\"_blank\">4D Dona Dolor Discapacitat Discriminaci\u00f3<\/a><\/h3><p class=\"elementor-image-box-description\">Veure m\u00e9s aqu\u00ed<\/p><\/div><\/div>\t\t\t\t<\/div>\n\t\t\t\t<div data-ha-element-link=\"{&quot;url&quot;:&quot;https:\\\/\\\/www.xarxa-solidaria.cat\\\/?page_id=26&quot;,&quot;is_external&quot;:&quot;on&quot;,&quot;nofollow&quot;:&quot;&quot;}\" style=\"cursor: pointer\" class=\"elementor-element elementor-element-3d2708e elementor-position-top elementor-widget elementor-widget-image-box\" data-id=\"3d2708e\" data-element_type=\"widget\" data-e-type=\"widget\" data-widget_type=\"image-box.default\">\n\t\t\t\t\t<div class=\"elementor-image-box-wrapper\"><figure class=\"elementor-image-box-img\"><a href=\"https:\/\/www.xarxa-solidaria.cat\/?page_id=26\" target=\"_blank\" tabindex=\"-1\"><img loading=\"lazy\" decoding=\"async\" width=\"2000\" height=\"934\" src=\"https:\/\/www.xarxa-solidaria.cat\/wp-content\/uploads\/2024\/10\/WhatsApp-Image-2024-04-30-at-13.50.01.jpeg\" class=\"attachment-full size-full wp-image-2149\" alt=\"\" srcset=\"https:\/\/www.xarxa-solidaria.cat\/wp-content\/uploads\/2024\/10\/WhatsApp-Image-2024-04-30-at-13.50.01.jpeg 2000w, https:\/\/www.xarxa-solidaria.cat\/wp-content\/uploads\/2024\/10\/WhatsApp-Image-2024-04-30-at-13.50.01-300x140.jpeg 300w, https:\/\/www.xarxa-solidaria.cat\/wp-content\/uploads\/2024\/10\/WhatsApp-Image-2024-04-30-at-13.50.01-1024x478.jpeg 1024w, https:\/\/www.xarxa-solidaria.cat\/wp-content\/uploads\/2024\/10\/WhatsApp-Image-2024-04-30-at-13.50.01-768x359.jpeg 768w, https:\/\/www.xarxa-solidaria.cat\/wp-content\/uploads\/2024\/10\/WhatsApp-Image-2024-04-30-at-13.50.01-1536x717.jpeg 1536w\" sizes=\"(max-width: 2000px) 100vw, 2000px\" \/><\/a><\/figure><div class=\"elementor-image-box-content\"><h3 class=\"elementor-image-box-title\"><a href=\"https:\/\/www.xarxa-solidaria.cat\/?page_id=26\" target=\"_blank\">L\u2019esport integrador<\/a><\/h3><p class=\"elementor-image-box-description\">Veure m\u00e9s aqu\u00ed<\/p><\/div><\/div>\t\t\t\t<\/div>\n\t\t\t\t<div class=\"elementor-element elementor-element-46c9291 elementor-position-top elementor-widget elementor-widget-image-box\" data-id=\"46c9291\" data-element_type=\"widget\" data-e-type=\"widget\" data-widget_type=\"image-box.default\">\n\t\t\t\t\t<div class=\"elementor-image-box-wrapper\"><figure class=\"elementor-image-box-img\"><img loading=\"lazy\" decoding=\"async\" width=\"1567\" height=\"893\" src=\"https:\/\/www.xarxa-solidaria.cat\/wp-content\/uploads\/2023\/09\/Imagen-central-2.jpg\" class=\"attachment-full size-full wp-image-1550\" alt=\"\" srcset=\"https:\/\/www.xarxa-solidaria.cat\/wp-content\/uploads\/2023\/09\/Imagen-central-2.jpg 1567w, https:\/\/www.xarxa-solidaria.cat\/wp-content\/uploads\/2023\/09\/Imagen-central-2-300x171.jpg 300w, https:\/\/www.xarxa-solidaria.cat\/wp-content\/uploads\/2023\/09\/Imagen-central-2-1024x584.jpg 1024w, https:\/\/www.xarxa-solidaria.cat\/wp-content\/uploads\/2023\/09\/Imagen-central-2-768x438.jpg 768w, https:\/\/www.xarxa-solidaria.cat\/wp-content\/uploads\/2023\/09\/Imagen-central-2-1536x875.jpg 1536w\" sizes=\"(max-width: 1567px) 100vw, 1567px\" \/><\/figure><div class=\"elementor-image-box-content\"><h3 class=\"elementor-image-box-title\">Diversitat<\/h3><p class=\"elementor-image-box-description\">Veure m\u00e9s aqu\u00ed<\/p><\/div><\/div>\t\t\t\t<\/div>\n\t\t\t\t<div class=\"elementor-element elementor-element-0b6ad30 elementor-position-top elementor-widget elementor-widget-image-box\" data-id=\"0b6ad30\" data-element_type=\"widget\" data-e-type=\"widget\" data-widget_type=\"image-box.default\">\n\t\t\t\t\t<div class=\"elementor-image-box-wrapper\"><figure class=\"elementor-image-box-img\"><img loading=\"lazy\" decoding=\"async\" width=\"553\" height=\"352\" src=\"https:\/\/www.xarxa-solidaria.cat\/wp-content\/uploads\/2023\/09\/eliminant-clixets.jpg\" class=\"attachment-2048x2048 size-2048x2048 wp-image-1657\" alt=\"\" srcset=\"https:\/\/www.xarxa-solidaria.cat\/wp-content\/uploads\/2023\/09\/eliminant-clixets.jpg 553w, https:\/\/www.xarxa-solidaria.cat\/wp-content\/uploads\/2023\/09\/eliminant-clixets-300x191.jpg 300w\" sizes=\"(max-width: 553px) 100vw, 553px\" \/><\/figure><div class=\"elementor-image-box-content\"><h3 class=\"elementor-image-box-title\">Difusi\u00f3<\/h3><p class=\"elementor-image-box-description\">Veure m\u00e9s aqu\u00ed<\/p><\/div><\/div>\t\t\t\t<\/div>\n\t\t\t\t<\/div>\n\t\t\t\t<\/div>\n\t\t\t\t\t<\/div>\n\t\t\t\t<\/div>\n\t\t<div class=\"elementor-element elementor-element-d077198 e-flex e-con-boxed e-con e-parent\" data-id=\"d077198\" data-element_type=\"container\" data-e-type=\"container\" data-settings=\"{&quot;_ha_eqh_enable&quot;:false}\">\n\t\t\t\t\t<div class=\"e-con-inner\">\n\t\t\t\t<div class=\"elementor-element elementor-element-eb359f4 elementor-arrows-position-outside elementor-pagination-position-outside elementor-widget elementor-widget-image-carousel\" data-id=\"eb359f4\" data-element_type=\"widget\" data-e-type=\"widget\" data-settings=\"{&quot;slides_to_show&quot;:&quot;5&quot;,&quot;image_spacing_custom&quot;:{&quot;unit&quot;:&quot;px&quot;,&quot;size&quot;:40,&quot;sizes&quot;:[]},&quot;navigation&quot;:&quot;both&quot;,&quot;autoplay&quot;:&quot;yes&quot;,&quot;pause_on_hover&quot;:&quot;yes&quot;,&quot;pause_on_interaction&quot;:&quot;yes&quot;,&quot;autoplay_speed&quot;:5000,&quot;infinite&quot;:&quot;yes&quot;,&quot;speed&quot;:500,&quot;image_spacing_custom_tablet&quot;:{&quot;unit&quot;:&quot;px&quot;,&quot;size&quot;:&quot;&quot;,&quot;sizes&quot;:[]},&quot;image_spacing_custom_mobile&quot;:{&quot;unit&quot;:&quot;px&quot;,&quot;size&quot;:&quot;&quot;,&quot;sizes&quot;:[]}}\" data-widget_type=\"image-carousel.default\">\n\t\t\t\t\t\t\t<div class=\"elementor-image-carousel-wrapper swiper\" role=\"region\" aria-roledescription=\"carousel\" aria-label=\"Carrusel de im\u00e1genes\" dir=\"ltr\">\n\t\t\t<div class=\"elementor-image-carousel swiper-wrapper\" aria-live=\"off\">\n\t\t\t\t\t\t\t\t<div class=\"swiper-slide\" role=\"group\" aria-roledescription=\"slide\" aria-label=\"1 de 7\"><figure class=\"swiper-slide-inner\"><img decoding=\"async\" class=\"swiper-slide-image\" src=\"https:\/\/www.xarxa-solidaria.cat\/wp-content\/uploads\/2024\/06\/Fundacion-Once-2015-300x94.jpg\" alt=\"Fundacion_once_new\" \/><\/figure><\/div><div class=\"swiper-slide\" role=\"group\" aria-roledescription=\"slide\" aria-label=\"2 de 7\"><figure class=\"swiper-slide-inner\"><img decoding=\"async\" class=\"swiper-slide-image\" src=\"https:\/\/www.xarxa-solidaria.cat\/wp-content\/uploads\/2024\/06\/Generalitat-gif-300x77.gif\" alt=\"Generalitat gif\" \/><\/figure><\/div><div class=\"swiper-slide\" role=\"group\" aria-roledescription=\"slide\" aria-label=\"3 de 7\"><figure class=\"swiper-slide-inner\"><img decoding=\"async\" class=\"swiper-slide-image\" src=\"https:\/\/www.xarxa-solidaria.cat\/wp-content\/uploads\/2024\/06\/DIPTA_H_col-300x69.jpg\" alt=\"DIPTA_H_col\" \/><\/figure><\/div><div class=\"swiper-slide\" role=\"group\" aria-roledescription=\"slide\" aria-label=\"4 de 7\"><figure class=\"swiper-slide-inner\"><img decoding=\"async\" class=\"swiper-slide-image\" src=\"https:\/\/www.xarxa-solidaria.cat\/wp-content\/uploads\/2024\/06\/AjuntTarragona.jpg\" alt=\"AjuntTarragona\" \/><\/figure><\/div><div class=\"swiper-slide\" role=\"group\" aria-roledescription=\"slide\" aria-label=\"5 de 7\"><figure class=\"swiper-slide-inner\"><img decoding=\"async\" class=\"swiper-slide-image\" src=\"https:\/\/www.xarxa-solidaria.cat\/wp-content\/uploads\/2024\/06\/AjunReus.jpg\" alt=\"AjunReus\" \/><\/figure><\/div><div class=\"swiper-slide\" role=\"group\" aria-roledescription=\"slide\" aria-label=\"6 de 7\"><figure class=\"swiper-slide-inner\"><img decoding=\"async\" class=\"swiper-slide-image\" src=\"https:\/\/www.xarxa-solidaria.cat\/wp-content\/uploads\/2024\/06\/MESTRAL-ENTITAT-DECLARADA-DE-UTILITAT-PUBLICA-300x300.png\" alt=\"MESTRAL ENTITAT DECLARADA DE UTILITAT P\u00daBLICA.\" \/><\/figure><\/div><div class=\"swiper-slide\" role=\"group\" aria-roledescription=\"slide\" aria-label=\"7 de 7\"><figure class=\"swiper-slide-inner\"><img decoding=\"async\" class=\"swiper-slide-image\" src=\"https:\/\/www.xarxa-solidaria.cat\/wp-content\/uploads\/2024\/06\/Fundacio-FF-logo-transp-300x59.png\" alt=\"Fundaci\u00f3 FF logo transp\" \/><\/figure><\/div>\t\t\t<\/div>\n\t\t\t\t\t\t\t\t\t\t\t\t<div class=\"elementor-swiper-button elementor-swiper-button-prev\" role=\"button\" tabindex=\"0\">\n\t\t\t\t\t\t<svg aria-hidden=\"true\" class=\"e-font-icon-svg e-eicon-chevron-left\" viewBox=\"0 0 1000 1000\" xmlns=\"http:\/\/www.w3.org\/2000\/svg\"><path d=\"M646 125C629 125 613 133 604 142L308 442C296 454 292 471 292 487 292 504 296 521 308 533L604 854C617 867 629 875 646 875 663 875 679 871 692 858 704 846 713 829 713 812 713 796 708 779 692 767L438 487 692 225C700 217 708 204 708 187 708 171 704 154 692 142 675 129 663 125 646 125Z\"><\/path><\/svg>\t\t\t\t\t<\/div>\n\t\t\t\t\t<div class=\"elementor-swiper-button elementor-swiper-button-next\" role=\"button\" tabindex=\"0\">\n\t\t\t\t\t\t<svg aria-hidden=\"true\" class=\"e-font-icon-svg e-eicon-chevron-right\" viewBox=\"0 0 1000 1000\" xmlns=\"http:\/\/www.w3.org\/2000\/svg\"><path d=\"M696 533C708 521 713 504 713 487 713 471 708 454 696 446L400 146C388 133 375 125 354 125 338 125 325 129 313 142 300 154 292 171 292 187 292 204 296 221 308 233L563 492 304 771C292 783 288 800 288 817 288 833 296 850 308 863 321 871 338 875 354 875 371 875 388 867 400 854L696 533Z\"><\/path><\/svg>\t\t\t\t\t<\/div>\n\t\t\t\t\n\t\t\t\t\t\t\t\t\t<div class=\"swiper-pagination\"><\/div>\n\t\t\t\t\t\t\t\t\t<\/div>\n\t\t\t\t\t\t<\/div>\n\t\t\t\t\t<\/div>\n\t\t\t\t<\/div>\n\t\t\t\t<\/div>\n\t\t","protected":false},"excerpt":{"rendered":"<p>PROGRAMES PROGRAMES DESTACATS Servei Sinergia Laboral Veure m\u00e9s aqu\u00ed Que les rodes no et parin Veure m\u00e9s aqu\u00ed 4D Dona Dolor Discapacitat Discriminaci\u00f3 Veure m\u00e9s aqu\u00ed L\u2019esport integrador Veure m\u00e9s &#8230;<\/p>\n","protected":false},"author":1,"featured_media":0,"parent":0,"menu_order":0,"comment_status":"closed","ping_status":"closed","template":"elementor_header_footer","meta":{"footnotes":""},"class_list":["post-2435","page","type-page","status-publish","hentry"],"_links":{"self":[{"href":"https:\/\/www.xarxa-solidaria.cat\/index.php?rest_route=\/wp\/v2\/pages\/2435","targetHints":{"allow":["GET"]}}],"collection":[{"href":"https:\/\/www.xarxa-solidaria.cat\/index.php?rest_route=\/wp\/v2\/pages"}],"about":[{"href":"https:\/\/www.xarxa-solidaria.cat\/index.php?rest_route=\/wp\/v2\/types\/page"}],"author":[{"embeddable":true,"href":"https:\/\/www.xarxa-solidaria.cat\/index.php?rest_route=\/wp\/v2\/users\/1"}],"replies":[{"embeddable":true,"href":"https:\/\/www.xarxa-solidaria.cat\/index.php?rest_route=%2Fwp%2Fv2%2Fcomments&post=2435"}],"version-history":[{"count":25,"href":"https:\/\/www.xarxa-solidaria.cat\/index.php?rest_route=\/wp\/v2\/pages\/2435\/revisions"}],"predecessor-version":[{"id":3301,"href":"https:\/\/www.xarxa-solidaria.cat\/index.php?rest_route=\/wp\/v2\/pages\/2435\/revisions\/3301"}],"wp:attachment":[{"href":"https:\/\/www.xarxa-solidaria.cat\/index.php?rest_route=%2Fwp%2Fv2%2Fmedia&parent=2435"}],"curies":[{"name":"wp","href":"https:\/\/api.w.org\/{rel}","templated":true}]}}