{"id":2486,"date":"2025-03-28T13:58:34","date_gmt":"2025-03-28T13:58:34","guid":{"rendered":"https:\/\/www.xarxa-solidaria.cat\/?page_id=2486"},"modified":"2025-03-28T15:07:29","modified_gmt":"2025-03-28T15:07:29","slug":"noticies","status":"publish","type":"page","link":"https:\/\/www.xarxa-solidaria.cat\/?page_id=2486","title":{"rendered":"Not\u00edcies"},"content":{"rendered":"\t\t<div data-elementor-type=\"wp-page\" data-elementor-id=\"2486\" class=\"elementor elementor-2486\" data-elementor-settings=\"{&quot;ha_cmc_init_switcher&quot;:&quot;no&quot;}\">\n\t\t\t\t<div class=\"elementor-element elementor-element-a92fe41 e-grid e-con-full e-con e-parent\" data-id=\"a92fe41\" data-element_type=\"container\" data-e-type=\"container\" data-settings=\"{&quot;background_background&quot;:&quot;classic&quot;,&quot;_ha_eqh_enable&quot;:false}\">\n\t\t\t\t<div class=\"elementor-element elementor-element-eceebdd elementor-widget elementor-widget-heading\" data-id=\"eceebdd\" data-element_type=\"widget\" data-e-type=\"widget\" data-widget_type=\"heading.default\">\n\t\t\t\t\t<h1 class=\"elementor-heading-title elementor-size-default\">NOT\u00cdCIES<\/h1>\t\t\t\t<\/div>\n\t\t\t\t<\/div>\n\t\t<div class=\"elementor-element elementor-element-44dca1f e-flex e-con-boxed e-con e-parent\" data-id=\"44dca1f\" data-element_type=\"container\" data-e-type=\"container\" data-settings=\"{&quot;background_background&quot;:&quot;classic&quot;,&quot;_ha_eqh_enable&quot;:false}\">\n\t\t\t\t\t<div class=\"e-con-inner\">\n\t\t<div class=\"elementor-element elementor-element-063da9d e-con-full e-flex e-con e-child\" data-id=\"063da9d\" data-element_type=\"container\" data-e-type=\"container\" data-settings=\"{&quot;_ha_eqh_enable&quot;:false}\">\n\t\t\t\t<div class=\"elementor-element elementor-element-1ba6961 elementor-widget elementor-widget-heading\" data-id=\"1ba6961\" data-element_type=\"widget\" data-e-type=\"widget\" data-widget_type=\"heading.default\">\n\t\t\t\t\t<h2 class=\"elementor-heading-title elementor-size-default\">Les noticies del seu Inter\u00e8s<\/h2>\t\t\t\t<\/div>\n\t\t\t\t<\/div>\n\t\t\t\t\t<\/div>\n\t\t\t\t<\/div>\n\t\t<div class=\"elementor-element elementor-element-b73e739 e-flex e-con-boxed e-con e-parent\" data-id=\"b73e739\" data-element_type=\"container\" data-e-type=\"container\" data-settings=\"{&quot;_ha_eqh_enable&quot;:false}\">\n\t\t\t\t\t<div class=\"e-con-inner\">\n\t\t\t\t<div class=\"elementor-element elementor-element-4312c32 elementor-widget elementor-widget-eael-post-timeline\" data-id=\"4312c32\" data-element_type=\"widget\" data-e-type=\"widget\" data-widget_type=\"eael-post-timeline.default\">\n\t\t\t\t\t<div id=\"eael-post-timeline-4312c32\" class=\"eael-post-timeline timeline-layout-card eael-post-timeline-arrow-top\">\n            <div class=\"eael-post-timeline eael-post-appender eael-post-appender-4312c32\"><article class=\"eael-timeline-post\">\n    <div class=\"eael-timeline-bullet\"><\/div>\n    <div class=\"eael-timeline-post-inner\">\n        <a class=\"eael-timeline-post-link\" href=\"https:\/\/www.xarxa-solidaria.cat\/?p=3242\" title=\"Concessi\u00f3 Diputaci\u00f3 de Tarragona. Programes adre\u00e7ats a la promoci\u00f3 de la Salut P\u00fablica 2025\">\n            <time datetime=\"noviembre 28, 2025\">noviembre 28, 2025<\/time>\n            <div class=\"eael-timeline-content\"><div class=\"eael-timeline-post-title\">\n\t\t                    <h2 class=\"eael-timeline-post-title-text\">Concessi\u00f3 Diputaci\u00f3 de Tarragona. Programes adre\u00e7ats a la promoci\u00f3 de la Salut P\u00fablica 2025<\/h2>\n\t\t                <\/div><div class=\"eael-timeline-post-excerpt\"><p>\u00abAquesta actuaci\u00f3 compta amb la col\u00b7laboraci\u00f3 de la Diputaci\u00f3 de Tarragona\u00bb La Diputaci\u00f3 de Tarragona ha concedit una subvenci\u00f3 de...<\/p><\/div><\/div><\/a>\n    <\/div>\n    <div class=\"eael-timeline-clear\"><\/div>\n<\/article><article class=\"eael-timeline-post\">\n    <div class=\"eael-timeline-bullet\"><\/div>\n    <div class=\"eael-timeline-post-inner\">\n        <a class=\"eael-timeline-post-link\" href=\"https:\/\/www.xarxa-solidaria.cat\/?p=2982\" title=\"III JORNADA D&#8217;ESPORTS ADAPTATS\">\n            <time datetime=\"octubre 9, 2025\">octubre 9, 2025<\/time>\n            <div class=\"eael-timeline-post-image\" style=\"background-image: url(https:\/\/www.xarxa-solidaria.cat\/wp-content\/uploads\/2025\/10\/cartell_esports_per_a_tothom_2025-212x300.jpg)\"><\/div><div class=\"eael-timeline-content\"><div class=\"eael-timeline-post-title\">\n\t\t                    <h2 class=\"eael-timeline-post-title-text\">III JORNADA D&#8217;ESPORTS ADAPTATS<\/h2>\n\t\t                <\/div><div class=\"eael-timeline-post-excerpt\"><p>III JORNADA D&#8217;ESPORTS PER A TOTHOM Torna la mostra d&#8217;esports adaptats a Reus, la jornada tindr\u00e0 lloc a la Pla\u00e7a...<\/p><\/div><\/div><\/a>\n    <\/div>\n    <div class=\"eael-timeline-clear\"><\/div>\n<\/article><article class=\"eael-timeline-post\">\n    <div class=\"eael-timeline-bullet\"><\/div>\n    <div class=\"eael-timeline-post-inner\">\n        <a class=\"eael-timeline-post-link\" href=\"https:\/\/www.xarxa-solidaria.cat\/?p=2246\" title=\"Dia de la Dona i la Nena a la ci\u00e8ncia\">\n            <time datetime=\"marzo 24, 2025\">marzo 24, 2025<\/time>\n            <div class=\"eael-timeline-post-image\" style=\"background-image: url(https:\/\/www.xarxa-solidaria.cat\/wp-content\/uploads\/2023\/09\/1-212x300.png)\"><\/div><div class=\"eael-timeline-content\"><div class=\"eael-timeline-post-title\">\n\t\t                    <h2 class=\"eael-timeline-post-title-text\">Dia de la Dona i la Nena a la ci\u00e8ncia<\/h2>\n\t\t                <\/div><div class=\"eael-timeline-post-excerpt\"><p><\/p><\/div><\/div><\/a>\n    <\/div>\n    <div class=\"eael-timeline-clear\"><\/div>\n<\/article><article class=\"eael-timeline-post\">\n    <div class=\"eael-timeline-bullet\"><\/div>\n    <div class=\"eael-timeline-post-inner\">\n        <a class=\"eael-timeline-post-link\" href=\"https:\/\/www.xarxa-solidaria.cat\/?p=2247\" title=\"D\u00eda de la Mujer y la Ni\u00f1a en la ciencia\">\n            <time datetime=\"marzo 24, 2025\">marzo 24, 2025<\/time>\n            <div class=\"eael-timeline-post-image\" style=\"background-image: url(https:\/\/www.xarxa-solidaria.cat\/wp-content\/uploads\/2023\/09\/1-2-212x300.png)\"><\/div><div class=\"eael-timeline-content\"><div class=\"eael-timeline-post-title\">\n\t\t                    <h2 class=\"eael-timeline-post-title-text\">D\u00eda de la Mujer y la Ni\u00f1a en la ciencia<\/h2>\n\t\t                <\/div><div class=\"eael-timeline-post-excerpt\"><p><\/p><\/div><\/div><\/a>\n    <\/div>\n    <div class=\"eael-timeline-clear\"><\/div>\n<\/article><article class=\"eael-timeline-post\">\n    <div class=\"eael-timeline-bullet\"><\/div>\n    <div class=\"eael-timeline-post-inner\">\n        <a class=\"eael-timeline-post-link\" href=\"https:\/\/www.xarxa-solidaria.cat\/?p=2239\" title=\"Formaci\u00f3 d&#8217;Ofim\u00e0tica Nivell 1\">\n            <time datetime=\"febrero 26, 2025\">febrero 26, 2025<\/time>\n            <div class=\"eael-timeline-post-image\" style=\"background-image: url(https:\/\/www.xarxa-solidaria.cat\/wp-content\/uploads\/2025\/02\/Captura-de-pantalla-2025-02-26-095333-300x143.png)\"><\/div><div class=\"eael-timeline-content\"><div class=\"eael-timeline-post-title\">\n\t\t                    <h2 class=\"eael-timeline-post-title-text\">Formaci\u00f3 d&#8217;Ofim\u00e0tica Nivell 1<\/h2>\n\t\t                <\/div><div class=\"eael-timeline-post-excerpt\"><p>Formaci\u00f3 d\u2019Ofim\u00e0tica Nivell 1 100% Subvencionada pel Servei d\u2019Ocupaci\u00f3 de Catalunya L&#8217;ordinador i les gestions per internet 40h: Introducci\u00f3 a...<\/p><\/div><\/div><\/a>\n    <\/div>\n    <div class=\"eael-timeline-clear\"><\/div>\n<\/article><article class=\"eael-timeline-post\">\n    <div class=\"eael-timeline-bullet\"><\/div>\n    <div class=\"eael-timeline-post-inner\">\n        <a class=\"eael-timeline-post-link\" href=\"https:\/\/www.xarxa-solidaria.cat\/?p=2235\" title=\"\u00a1Domina Excel en solo 8 d\u00edas!\">\n            <time datetime=\"febrero 17, 2025\">febrero 17, 2025<\/time>\n            <div class=\"eael-timeline-post-image\" style=\"background-image: url(https:\/\/www.xarxa-solidaria.cat\/wp-content\/uploads\/2025\/02\/Captura-de-pantalla-2025-02-17-180053.png)\"><\/div><div class=\"eael-timeline-content\"><div class=\"eael-timeline-post-title\">\n\t\t                    <h2 class=\"eael-timeline-post-title-text\">\u00a1Domina Excel en solo 8 d\u00edas!<\/h2>\n\t\t                <\/div><div class=\"eael-timeline-post-excerpt\"><p>\ud83d\udce2 \ud83d\ude80 HOY EMPIEZA EL CURSO! TODAV\u00cdA EST\u00c1S A TIEMPO! \ud83d\udce2 \ud83d\udcca Domina Excel en solo 8 d\u00edas! \u2705 Consigue...<\/p><\/div><\/div><\/a>\n    <\/div>\n    <div class=\"eael-timeline-clear\"><\/div>\n<\/article><article class=\"eael-timeline-post\">\n    <div class=\"eael-timeline-bullet\"><\/div>\n    <div class=\"eael-timeline-post-inner\">\n        <a class=\"eael-timeline-post-link\" href=\"https:\/\/www.xarxa-solidaria.cat\/?p=2252\" title=\"Concessi\u00f3 diputaci\u00f3 de tarragona. Programes adre\u00e7ats a la promoci\u00f3 de la Salut P\u00fablica 2024\">\n            <time datetime=\"diciembre 12, 2024\">diciembre 12, 2024<\/time>\n            <div class=\"eael-timeline-content\"><div class=\"eael-timeline-post-title\">\n\t\t                    <h2 class=\"eael-timeline-post-title-text\">Concessi\u00f3 diputaci\u00f3 de tarragona. Programes adre\u00e7ats a la promoci\u00f3 de la Salut P\u00fablica 2024<\/h2>\n\t\t                <\/div><div class=\"eael-timeline-post-excerpt\"><p>\u00abAquesta actuaci\u00f3 compta amb la col\u00b7laboraci\u00f3 de la Diputaci\u00f3 de Tarragona\u00bb La Diputaci\u00f3 de Tarragona ha concedit una subvenci\u00f3 de...<\/p><\/div><\/div><\/a>\n    <\/div>\n    <div class=\"eael-timeline-clear\"><\/div>\n<\/article><\/div>\n\t\t<\/div>\t\t\t\t<\/div>\n\t\t\t\t<div class=\"elementor-element elementor-element-58eef1f elementor-grid-eael-col-2 elementor-grid-tablet-eael-col-2 elementor-grid-mobile-eael-col-1 elementor-widget elementor-widget-eael-post-grid\" data-id=\"58eef1f\" data-element_type=\"widget\" data-e-type=\"widget\" data-settings=\"{&quot;eael_post_grid_columns&quot;:&quot;eael-col-2&quot;,&quot;eael_post_grid_columns_tablet&quot;:&quot;eael-col-2&quot;,&quot;eael_post_grid_columns_mobile&quot;:&quot;eael-col-1&quot;}\" data-widget_type=\"eael-post-grid.default\">\n\t\t\t\t\t<div id=\"eael-post-grid-58eef1f\" class=\"eael-post-grid-container\">\n            <div class=\"eael-post-grid eael-post-appender eael-post-appender-58eef1f eael-post-grid-style-three\" data-layout-mode=\"grid\"><article class=\"eael-grid-post  eael-post-grid-column eael-pg-post-3242 category-uncategorized\" data-id=\"3242\">\n        <div class=\"eael-grid-post-holder\">\n            <div class=\"eael-grid-post-holder-inner\"><div class=\"eael-entry-wrapper\"><header class=\"eael-entry-header\"><h1 class=\"eael-entry-title\"><a class=\"eael-grid-post-link\" href=\"https:\/\/www.xarxa-solidaria.cat\/?p=3242\" title=\"Concessi\u00f3 Diputaci\u00f3 de Tarragona. Programes adre\u00e7ats a la promoci\u00f3 de la Salut P\u00fablica 2025\">Concessi\u00f3 Diputaci\u00f3 de Tarragona. Programes adre\u00e7ats a la promoci\u00f3 de la Salut P\u00fablica 2025<\/a><\/h1><\/header><div class=\"eael-entry-content\">\n                        <div class=\"eael-grid-post-excerpt\"><p>\u00abAquesta actuaci\u00f3 compta amb la col\u00b7laboraci\u00f3 de la Diputaci\u00f3 de Tarragona\u00bb La Diputaci\u00f3 de Tarragona ha concedit una subvenci\u00f3 de 11621,75\u20ac...<\/p><a href=\"https:\/\/www.xarxa-solidaria.cat\/?p=3242\" class=\"eael-post-elements-readmore-btn\">Leer m\u00e1s<\/a><\/div>\n                    <\/div><\/div><\/div>\n        <\/div>\n    <\/article><article class=\"eael-grid-post  eael-post-grid-column eael-pg-post-2982 category-uncategorized\" data-id=\"2982\">\n        <div class=\"eael-grid-post-holder\">\n            <div class=\"eael-grid-post-holder-inner\"><div class=\"eael-entry-media\"><div class=\"eael-entry-overlay fade-in\"><i class=\"fas fa-long-arrow-alt-right\" aria-hidden=\"true\"><\/i><a href=\"https:\/\/www.xarxa-solidaria.cat\/?p=2982\"rel=\"nofollow\"target=\"_blank\"><\/a><\/div><div class=\"eael-entry-thumbnail \">\n                 <img fetchpriority=\"high\" decoding=\"async\" width=\"724\" height=\"1024\" src=\"https:\/\/www.xarxa-solidaria.cat\/wp-content\/uploads\/2025\/10\/cartell_esports_per_a_tothom_2025-724x1024.jpg\" class=\"attachment-large size-large wp-image-2983\" alt=\"\" srcset=\"https:\/\/www.xarxa-solidaria.cat\/wp-content\/uploads\/2025\/10\/cartell_esports_per_a_tothom_2025-724x1024.jpg 724w, https:\/\/www.xarxa-solidaria.cat\/wp-content\/uploads\/2025\/10\/cartell_esports_per_a_tothom_2025-212x300.jpg 212w, https:\/\/www.xarxa-solidaria.cat\/wp-content\/uploads\/2025\/10\/cartell_esports_per_a_tothom_2025-768x1086.jpg 768w, https:\/\/www.xarxa-solidaria.cat\/wp-content\/uploads\/2025\/10\/cartell_esports_per_a_tothom_2025-1086x1536.jpg 1086w, https:\/\/www.xarxa-solidaria.cat\/wp-content\/uploads\/2025\/10\/cartell_esports_per_a_tothom_2025-600x849.jpg 600w, https:\/\/www.xarxa-solidaria.cat\/wp-content\/uploads\/2025\/10\/cartell_esports_per_a_tothom_2025.jpg 1448w\" sizes=\"(max-width: 724px) 100vw, 724px\" \/>\n             <\/div>\n        <\/div><span class=\"eael-meta-posted-on\"><time datetime=\"octubre 9, 2025\"><span>09<\/span>octubre<\/time><\/span><div class=\"eael-entry-wrapper\"><header class=\"eael-entry-header\"><h1 class=\"eael-entry-title\"><a class=\"eael-grid-post-link\" href=\"https:\/\/www.xarxa-solidaria.cat\/?p=2982\" title=\"III JORNADA D&#8217;ESPORTS ADAPTATS\">III JORNADA D&#8217;ESPORTS ADAPTATS<\/a><\/h1><\/header><div class=\"eael-entry-content\">\n                        <div class=\"eael-grid-post-excerpt\"><p>III JORNADA D&#8217;ESPORTS PER A TOTHOM Torna la mostra d&#8217;esports adaptats a Reus, la jornada tindr\u00e0 lloc a la Pla\u00e7a Llibertat...<\/p><a href=\"https:\/\/www.xarxa-solidaria.cat\/?p=2982\" class=\"eael-post-elements-readmore-btn\">Leer m\u00e1s<\/a><\/div>\n                    <\/div><\/div><\/div>\n        <\/div>\n    <\/article><article class=\"eael-grid-post  eael-post-grid-column eael-pg-post-2246 category-uncategorized\" data-id=\"2246\">\n        <div class=\"eael-grid-post-holder\">\n            <div class=\"eael-grid-post-holder-inner\"><div class=\"eael-entry-media\"><div class=\"eael-entry-overlay fade-in\"><i class=\"fas fa-long-arrow-alt-right\" aria-hidden=\"true\"><\/i><a href=\"https:\/\/www.xarxa-solidaria.cat\/?p=2246\"rel=\"nofollow\"target=\"_blank\"><\/a><\/div><div class=\"eael-entry-thumbnail \">\n                 <img decoding=\"async\" width=\"724\" height=\"1024\" src=\"https:\/\/www.xarxa-solidaria.cat\/wp-content\/uploads\/2023\/09\/1-724x1024.png\" class=\"attachment-large size-large wp-image-2212\" alt=\"\" srcset=\"https:\/\/www.xarxa-solidaria.cat\/wp-content\/uploads\/2023\/09\/1-724x1024.png 724w, https:\/\/www.xarxa-solidaria.cat\/wp-content\/uploads\/2023\/09\/1-212x300.png 212w, https:\/\/www.xarxa-solidaria.cat\/wp-content\/uploads\/2023\/09\/1-768x1086.png 768w, https:\/\/www.xarxa-solidaria.cat\/wp-content\/uploads\/2023\/09\/1-1086x1536.png 1086w, https:\/\/www.xarxa-solidaria.cat\/wp-content\/uploads\/2023\/09\/1-1448x2048.png 1448w, https:\/\/www.xarxa-solidaria.cat\/wp-content\/uploads\/2023\/09\/1.png 1587w\" sizes=\"(max-width: 724px) 100vw, 724px\" \/>\n             <\/div>\n        <\/div><span class=\"eael-meta-posted-on\"><time datetime=\"marzo 24, 2025\"><span>24<\/span>marzo<\/time><\/span><div class=\"eael-entry-wrapper\"><header class=\"eael-entry-header\"><h1 class=\"eael-entry-title\"><a class=\"eael-grid-post-link\" href=\"https:\/\/www.xarxa-solidaria.cat\/?p=2246\" title=\"Dia de la Dona i la Nena a la ci\u00e8ncia\">Dia de la Dona i la Nena a la ci\u00e8ncia<\/a><\/h1><\/header><div class=\"eael-entry-content\">\n                        <div class=\"eael-grid-post-excerpt\"><p><\/p><a href=\"https:\/\/www.xarxa-solidaria.cat\/?p=2246\" class=\"eael-post-elements-readmore-btn\">Leer m\u00e1s<\/a><\/div>\n                    <\/div><\/div><\/div>\n        <\/div>\n    <\/article><article class=\"eael-grid-post  eael-post-grid-column eael-pg-post-2247 category-uncategorized\" data-id=\"2247\">\n        <div class=\"eael-grid-post-holder\">\n            <div class=\"eael-grid-post-holder-inner\"><div class=\"eael-entry-media\"><div class=\"eael-entry-overlay fade-in\"><i class=\"fas fa-long-arrow-alt-right\" aria-hidden=\"true\"><\/i><a href=\"https:\/\/www.xarxa-solidaria.cat\/?p=2247\"rel=\"nofollow\"target=\"_blank\"><\/a><\/div><div class=\"eael-entry-thumbnail \">\n                 <img decoding=\"async\" width=\"724\" height=\"1024\" src=\"https:\/\/www.xarxa-solidaria.cat\/wp-content\/uploads\/2023\/09\/1-2-724x1024.png\" class=\"attachment-large size-large wp-image-2223\" alt=\"\" srcset=\"https:\/\/www.xarxa-solidaria.cat\/wp-content\/uploads\/2023\/09\/1-2-724x1024.png 724w, https:\/\/www.xarxa-solidaria.cat\/wp-content\/uploads\/2023\/09\/1-2-212x300.png 212w, https:\/\/www.xarxa-solidaria.cat\/wp-content\/uploads\/2023\/09\/1-2-768x1086.png 768w, https:\/\/www.xarxa-solidaria.cat\/wp-content\/uploads\/2023\/09\/1-2-1086x1536.png 1086w, https:\/\/www.xarxa-solidaria.cat\/wp-content\/uploads\/2023\/09\/1-2-1448x2048.png 1448w, https:\/\/www.xarxa-solidaria.cat\/wp-content\/uploads\/2023\/09\/1-2.png 1587w\" sizes=\"(max-width: 724px) 100vw, 724px\" \/>\n             <\/div>\n        <\/div><span class=\"eael-meta-posted-on\"><time datetime=\"marzo 24, 2025\"><span>24<\/span>marzo<\/time><\/span><div class=\"eael-entry-wrapper\"><header class=\"eael-entry-header\"><h1 class=\"eael-entry-title\"><a class=\"eael-grid-post-link\" href=\"https:\/\/www.xarxa-solidaria.cat\/?p=2247\" title=\"D\u00eda de la Mujer y la Ni\u00f1a en la ciencia\">D\u00eda de la Mujer y la Ni\u00f1a en la ciencia<\/a><\/h1><\/header><div class=\"eael-entry-content\">\n                        <div class=\"eael-grid-post-excerpt\"><p><\/p><a href=\"https:\/\/www.xarxa-solidaria.cat\/?p=2247\" class=\"eael-post-elements-readmore-btn\">Leer m\u00e1s<\/a><\/div>\n                    <\/div><\/div><\/div>\n        <\/div>\n    <\/article><article class=\"eael-grid-post  eael-post-grid-column eael-pg-post-2239 category-uncategorized\" data-id=\"2239\">\n        <div class=\"eael-grid-post-holder\">\n            <div class=\"eael-grid-post-holder-inner\"><div class=\"eael-entry-media\"><div class=\"eael-entry-overlay fade-in\"><i class=\"fas fa-long-arrow-alt-right\" aria-hidden=\"true\"><\/i><a href=\"https:\/\/www.xarxa-solidaria.cat\/?p=2239\"rel=\"nofollow\"target=\"_blank\"><\/a><\/div><div class=\"eael-entry-thumbnail \">\n                 <img loading=\"lazy\" decoding=\"async\" width=\"800\" height=\"380\" src=\"https:\/\/www.xarxa-solidaria.cat\/wp-content\/uploads\/2025\/02\/Captura-de-pantalla-2025-02-26-095333-1024x487.png\" class=\"attachment-large size-large wp-image-2240\" alt=\"\" srcset=\"https:\/\/www.xarxa-solidaria.cat\/wp-content\/uploads\/2025\/02\/Captura-de-pantalla-2025-02-26-095333-1024x487.png 1024w, https:\/\/www.xarxa-solidaria.cat\/wp-content\/uploads\/2025\/02\/Captura-de-pantalla-2025-02-26-095333-300x143.png 300w, https:\/\/www.xarxa-solidaria.cat\/wp-content\/uploads\/2025\/02\/Captura-de-pantalla-2025-02-26-095333-768x365.png 768w, https:\/\/www.xarxa-solidaria.cat\/wp-content\/uploads\/2025\/02\/Captura-de-pantalla-2025-02-26-095333.png 1280w\" sizes=\"(max-width: 800px) 100vw, 800px\" \/>\n             <\/div>\n        <\/div><span class=\"eael-meta-posted-on\"><time datetime=\"febrero 26, 2025\"><span>26<\/span>febrero<\/time><\/span><div class=\"eael-entry-wrapper\"><header class=\"eael-entry-header\"><h1 class=\"eael-entry-title\"><a class=\"eael-grid-post-link\" href=\"https:\/\/www.xarxa-solidaria.cat\/?p=2239\" title=\"Formaci\u00f3 d&#8217;Ofim\u00e0tica Nivell 1\">Formaci\u00f3 d&#8217;Ofim\u00e0tica Nivell 1<\/a><\/h1><\/header><div class=\"eael-entry-content\">\n                        <div class=\"eael-grid-post-excerpt\"><p>Formaci\u00f3 d\u2019Ofim\u00e0tica Nivell 1 100% Subvencionada pel Servei d\u2019Ocupaci\u00f3 de Catalunya L&#8217;ordinador i les gestions per internet 40h: Introducci\u00f3 a l\u2019\u00fas...<\/p><a href=\"https:\/\/www.xarxa-solidaria.cat\/?p=2239\" class=\"eael-post-elements-readmore-btn\">Leer m\u00e1s<\/a><\/div>\n                    <\/div><\/div><\/div>\n        <\/div>\n    <\/article><article class=\"eael-grid-post  eael-post-grid-column eael-pg-post-2235 category-uncategorized\" data-id=\"2235\">\n        <div class=\"eael-grid-post-holder\">\n            <div class=\"eael-grid-post-holder-inner\"><div class=\"eael-entry-media\"><div class=\"eael-entry-overlay fade-in\"><i class=\"fas fa-long-arrow-alt-right\" aria-hidden=\"true\"><\/i><a href=\"https:\/\/www.xarxa-solidaria.cat\/?p=2235\"rel=\"nofollow\"target=\"_blank\"><\/a><\/div><div class=\"eael-entry-thumbnail \">\n                 <img loading=\"lazy\" decoding=\"async\" width=\"295\" height=\"201\" src=\"https:\/\/www.xarxa-solidaria.cat\/wp-content\/uploads\/2025\/02\/Captura-de-pantalla-2025-02-17-180053.png\" class=\"attachment-large size-large wp-image-2236\" alt=\"\" \/>\n             <\/div>\n        <\/div><span class=\"eael-meta-posted-on\"><time datetime=\"febrero 17, 2025\"><span>17<\/span>febrero<\/time><\/span><div class=\"eael-entry-wrapper\"><header class=\"eael-entry-header\"><h1 class=\"eael-entry-title\"><a class=\"eael-grid-post-link\" href=\"https:\/\/www.xarxa-solidaria.cat\/?p=2235\" title=\"\u00a1Domina Excel en solo 8 d\u00edas!\">\u00a1Domina Excel en solo 8 d\u00edas!<\/a><\/h1><\/header><div class=\"eael-entry-content\">\n                        <div class=\"eael-grid-post-excerpt\"><p>\ud83d\udce2 \ud83d\ude80 HOY EMPIEZA EL CURSO! TODAV\u00cdA EST\u00c1S A TIEMPO! \ud83d\udce2 \ud83d\udcca Domina Excel en solo 8 d\u00edas! \u2705 Consigue una...<\/p><a href=\"https:\/\/www.xarxa-solidaria.cat\/?p=2235\" class=\"eael-post-elements-readmore-btn\">Leer m\u00e1s<\/a><\/div>\n                    <\/div><\/div><\/div>\n        <\/div>\n    <\/article><article class=\"eael-grid-post  eael-post-grid-column eael-pg-post-2252 category-uncategorized\" data-id=\"2252\">\n        <div class=\"eael-grid-post-holder\">\n            <div class=\"eael-grid-post-holder-inner\"><div class=\"eael-entry-wrapper\"><header class=\"eael-entry-header\"><h1 class=\"eael-entry-title\"><a class=\"eael-grid-post-link\" href=\"https:\/\/www.xarxa-solidaria.cat\/?p=2252\" title=\"Concessi\u00f3 diputaci\u00f3 de tarragona. Programes adre\u00e7ats a la promoci\u00f3 de la Salut P\u00fablica 2024\">Concessi\u00f3 diputaci\u00f3 de tarragona. Programes adre\u00e7ats a la promoci\u00f3 de la Salut P\u00fablica 2024<\/a><\/h1><\/header><div class=\"eael-entry-content\">\n                        <div class=\"eael-grid-post-excerpt\"><p>\u00abAquesta actuaci\u00f3 compta amb la col\u00b7laboraci\u00f3 de la Diputaci\u00f3 de Tarragona\u00bb La Diputaci\u00f3 de Tarragona ha concedit una subvenci\u00f3 de 13491,80...<\/p><a href=\"https:\/\/www.xarxa-solidaria.cat\/?p=2252\" class=\"eael-post-elements-readmore-btn\">Leer m\u00e1s<\/a><\/div>\n                    <\/div><\/div><\/div>\n        <\/div>\n    <\/article><\/div>\n            <div class=\"clearfix\"><\/div>\n        <\/div>\t\t\t\t<\/div>\n\t\t\t\t\t<\/div>\n\t\t\t\t<\/div>\n\t\t<div class=\"elementor-element elementor-element-0644f35 e-flex e-con-boxed e-con e-parent\" data-id=\"0644f35\" data-element_type=\"container\" data-e-type=\"container\" data-settings=\"{&quot;_ha_eqh_enable&quot;:false}\">\n\t\t\t\t\t<div class=\"e-con-inner\">\n\t\t\t\t<div class=\"elementor-element elementor-element-abe09df elementor-widget elementor-widget-spacer\" data-id=\"abe09df\" data-element_type=\"widget\" data-e-type=\"widget\" data-widget_type=\"spacer.default\">\n\t\t\t\t\t\t\t<div class=\"elementor-spacer\">\n\t\t\t<div class=\"elementor-spacer-inner\"><\/div>\n\t\t<\/div>\n\t\t\t\t\t\t<\/div>\n\t\t\t\t\t<\/div>\n\t\t\t\t<\/div>\n\t\t\t\t<\/div>\n\t\t","protected":false},"excerpt":{"rendered":"<p>NOT\u00cdCIES Les noticies del seu Inter\u00e8s marzo 24, 2025 Dia de la Dona i la Nena a la ci\u00e8ncia marzo 24, 2025 D\u00eda de la Mujer y la Ni\u00f1a en &#8230;<\/p>\n","protected":false},"author":1,"featured_media":0,"parent":0,"menu_order":0,"comment_status":"closed","ping_status":"closed","template":"elementor_header_footer","meta":{"footnotes":""},"class_list":["post-2486","page","type-page","status-publish","hentry"],"_links":{"self":[{"href":"https:\/\/www.xarxa-solidaria.cat\/index.php?rest_route=\/wp\/v2\/pages\/2486","targetHints":{"allow":["GET"]}}],"collection":[{"href":"https:\/\/www.xarxa-solidaria.cat\/index.php?rest_route=\/wp\/v2\/pages"}],"about":[{"href":"https:\/\/www.xarxa-solidaria.cat\/index.php?rest_route=\/wp\/v2\/types\/page"}],"author":[{"embeddable":true,"href":"https:\/\/www.xarxa-solidaria.cat\/index.php?rest_route=\/wp\/v2\/users\/1"}],"replies":[{"embeddable":true,"href":"https:\/\/www.xarxa-solidaria.cat\/index.php?rest_route=%2Fwp%2Fv2%2Fcomments&post=2486"}],"version-history":[{"count":10,"href":"https:\/\/www.xarxa-solidaria.cat\/index.php?rest_route=\/wp\/v2\/pages\/2486\/revisions"}],"predecessor-version":[{"id":2543,"href":"https:\/\/www.xarxa-solidaria.cat\/index.php?rest_route=\/wp\/v2\/pages\/2486\/revisions\/2543"}],"wp:attachment":[{"href":"https:\/\/www.xarxa-solidaria.cat\/index.php?rest_route=%2Fwp%2Fv2%2Fmedia&parent=2486"}],"curies":[{"name":"wp","href":"https:\/\/api.w.org\/{rel}","templated":true}]}}